{"id":10,"date":"2022-10-19T02:45:15","date_gmt":"2022-10-19T02:45:15","guid":{"rendered":"http:\/\/localhost:8888\/?page_id=5"},"modified":"2024-09-14T15:21:34","modified_gmt":"2024-09-14T12:21:34","slug":"home","status":"publish","type":"page","link":"https:\/\/mce.com.tr\/","title":{"rendered":"Anasayfa"},"content":{"rendered":"\n<div class=\"wp-block-kenta-blocks-cover alignfull kb-cover-e9f74b4e kb-cover kb-cover-has-overlay gutenify-section-3fd939a0-7114-11ef-afc3-9546a1a0bd1b\"><div class=\"kb-cover-inner-container\">\n<div class=\"wp-block-kenta-blocks-spacer kb-spacer-de1620cf kb-spacer gutenify-section-3fd47eb0-7114-11ef-afc3-9546a1a0bd1b\" aria-hidden=\"true\"><\/div>\n\n\n\n<div class=\"wp-block-kenta-blocks-section kb-section-6b511efd kb-section gutenify-section-3fd82830-7114-11ef-afc3-9546a1a0bd1b\">\n<div class=\"wp-block-kenta-blocks-column kb-column-wrapper kb-column-wrapper-05fb1a03 gutenify-section-3fd73dd0-7114-11ef-afc3-9546a1a0bd1b\"><div class=\"kb-column kb-column-05fb1a03\"><div class=\"kb-column-content\">\n<div class=\"wp-block-kenta-blocks-heading kb-heading kb-heading-span kb-heading-c6ddcfd0 kenta-scroll-reveal gutenify-section-3fd54200-7114-11ef-afc3-9546a1a0bd1b\"><span class=\"\">S\u00fcrd\u00fcr\u00fclebilir Planlama<\/span><\/div>\n\n\n\n<div class=\"wp-block-kenta-blocks-heading kb-heading kb-heading-span kb-heading-f9131df8 kenta-scroll-reveal o-typing-delay-100ms o-typing-fast animated lightSpeedInLeft gutenify-section-3fd5b730-7114-11ef-afc3-9546a1a0bd1b\"><span class=\"\"><strong>M\u00fchendislik | Tasar\u0131m | Dan\u0131\u015fmanl\u0131k<\/strong><\/span><\/div>\n\n\n\n<div class=\"wp-block-kenta-blocks-paragraph kb-paragraph kb-paragraph-c4d8fce3 kenta-scroll-reveal gutenify-section-3fd65370-7114-11ef-afc3-9546a1a0bd1b\"><p class=\"\">Ya\u015fan\u0131labilir bir \u00e7evre i\u00e7in \u00e7\u00f6z\u00fcmler \u00fcretiyoruz  <\/p><\/div>\n\n\n\n<div class=\"wp-block-kenta-blocks-buttons kb-buttons kb-buttons-369ed349 gutenify-section-3fd6c8a0-7114-11ef-afc3-9546a1a0bd1b\">\n<div class=\"kb-button-wrapper kb-button-wrapper-ebf00258\"><a class=\"wp-block-kenta-blocks-button kb-button kb-button-ebf00258 kb-button-left kenta-scroll-reveal gutenify-section-1538f640-0f7c-11ee-b2d7-2b47905cce0c\" href=\"https:\/\/mce.com.tr\/index.php\/about\/\"><i class=\"fas fa-rocket\"><\/i><span>Daha Fazla Bilgi Al<\/span><\/a><\/div>\n\n\n\n<div class=\"kb-button-wrapper kb-button-wrapper-452f48b6\"><a class=\"wp-block-kenta-blocks-button kb-button kb-button-452f48b6 kb-button-left kenta-scroll-reveal gutenify-section-15394460-0f7c-11ee-b2d7-2b47905cce0c\" href=\"https:\/\/www.youtube.com\/watch?v=1fUYklAlUpw\" target=\"_blank\" rel=\"nofollow noopener\"><i class=\"far fa-circle-play\"><\/i><span>Saha \u00c7al\u0131\u015fmas\u0131 Videosu<\/span><\/a><\/div>\n<\/div>\n<\/div><\/div><\/div>\n<\/div>\n\n\n\n<div class=\"wp-block-kenta-blocks-spacer kb-spacer-09eefadd kb-spacer gutenify-section-3fd8c470-7114-11ef-afc3-9546a1a0bd1b\" aria-hidden=\"true\"><\/div>\n<\/div><div data-position=\"bottom\" data-negative=\"false\" class=\"kb-shape-divider\"><svg xmlns=\"http:\/\/www.w3.org\/2000\/svg\" viewBox=\"0 0 1000 100\" preserveAspectRatio=\"none\">\n\t<path class=\"wp-moose-shape-fill\" d=\"M500,98.9L0,6.1V0h1000v6.1L500,98.9z\"\/>\n<\/svg><\/div><\/div>\n\n\n\n<div class=\"wp-block-kenta-blocks-section alignwide kb-section-97590555 kb-section gutenify-section-3fe01770-7114-11ef-afc3-9546a1a0bd1b\">\n<div class=\"wp-block-kenta-blocks-column kb-column-wrapper kb-column-wrapper-001d2e1a kenta-scroll-reveal gutenify-section-3fdb0e60-7114-11ef-afc3-9546a1a0bd1b\"><div class=\"kb-column kb-column-001d2e1a\"><div class=\"kb-column-content\">\n<div class=\"wp-block-kenta-blocks-heading kb-heading kb-heading-h4 kb-heading-1180a7b4 gutenify-section-3fd9d5e0-7114-11ef-afc3-9546a1a0bd1b\"><h4 class=\"\"><strong>Benzersiz \u0130\u015f Modeli <\/strong><\/h4><\/div>\n\n\n\n<figure class=\"wp-block-image aligncenter size-full is-resized is-style-rounded gutenify-section-32f73bc0-110b-11ee-a239-b72949ecbca6\"><img data-recalc-dims=\"1\" fetchpriority=\"high\" decoding=\"async\" width=\"265\" height=\"190\" src=\"https:\/\/i0.wp.com\/mce.com.tr\/wp-content\/uploads\/2023\/06\/businessmodel2.jpeg?resize=265%2C190&#038;ssl=1\" alt=\"\" class=\"wp-image-423\" style=\"width:274px\"\/><\/figure>\n\n\n\n<div class=\"wp-block-kenta-blocks-paragraph kb-paragraph kb-paragraph-eb182122 gutenify-section-3fda7220-7114-11ef-afc3-9546a1a0bd1b\"><p class=\"\">MCE, 17 y\u0131ld\u0131r uygulad\u0131\u011f\u0131 benzersiz i\u015f modeli ile proje karma\u015f\u0131kl\u0131\u011f\u0131ndan ba\u011f\u0131ms\u0131z y\u00fcksek kaliteli planlama \u00e7\u00f6z\u00fcmlerini \u00fcretmektedir. <\/p><\/div>\n<\/div><\/div><\/div>\n\n\n\n<div class=\"wp-block-kenta-blocks-column kb-column-wrapper kb-column-wrapper-359d82e6 kenta-scroll-reveal gutenify-section-3fdce320-7114-11ef-afc3-9546a1a0bd1b\"><div class=\"kb-column kb-column-359d82e6\"><div class=\"kb-column-content\">\n<div class=\"wp-block-kenta-blocks-heading kb-heading kb-heading-h4 kb-heading-ab18bcf7 gutenify-section-3fdbaaa0-7114-11ef-afc3-9546a1a0bd1b\"><h4 class=\"\"><strong>Etkili Koordinasyon <\/strong><\/h4><\/div>\n\n\n\n<figure class=\"wp-block-image aligncenter size-full is-style-rounded gutenify-section-7bb26400-11b7-11ee-902f-475c520519ce\"><img data-recalc-dims=\"1\" decoding=\"async\" width=\"2137\" height=\"1234\" src=\"https:\/\/i0.wp.com\/mce.com.tr\/wp-content\/uploads\/2023\/06\/danismanlik_hizmetleri_ICN-1.jpg?resize=2137%2C1234&#038;ssl=1\" alt=\"Etkili Koordinasyon\" class=\"wp-image-493\" srcset=\"https:\/\/i0.wp.com\/mce.com.tr\/wp-content\/uploads\/2023\/06\/danismanlik_hizmetleri_ICN-1.jpg?w=2137&amp;ssl=1 2137w, https:\/\/i0.wp.com\/mce.com.tr\/wp-content\/uploads\/2023\/06\/danismanlik_hizmetleri_ICN-1.jpg?resize=300%2C173&amp;ssl=1 300w, https:\/\/i0.wp.com\/mce.com.tr\/wp-content\/uploads\/2023\/06\/danismanlik_hizmetleri_ICN-1.jpg?resize=1024%2C591&amp;ssl=1 1024w, https:\/\/i0.wp.com\/mce.com.tr\/wp-content\/uploads\/2023\/06\/danismanlik_hizmetleri_ICN-1.jpg?resize=768%2C443&amp;ssl=1 768w, https:\/\/i0.wp.com\/mce.com.tr\/wp-content\/uploads\/2023\/06\/danismanlik_hizmetleri_ICN-1.jpg?resize=1536%2C887&amp;ssl=1 1536w, https:\/\/i0.wp.com\/mce.com.tr\/wp-content\/uploads\/2023\/06\/danismanlik_hizmetleri_ICN-1.jpg?resize=2048%2C1183&amp;ssl=1 2048w\" sizes=\"(max-width: 1000px) 100vw, 1000px\" \/><\/figure>\n\n\n\n<div class=\"wp-block-kenta-blocks-paragraph kb-paragraph kb-paragraph-fdf3775f gutenify-section-3fdc46e0-7114-11ef-afc3-9546a1a0bd1b\"><p class=\"\">Planlama S\u00fcre\u00e7lerinin en \u00f6nemli bile\u015feni koordinasyondur. Proje y\u00f6netim tekniklerimiz en y\u00fcksek ba\u015far\u0131y\u0131 hedefler <\/p><\/div>\n<\/div><\/div><\/div>\n\n\n\n<div class=\"wp-block-kenta-blocks-column kb-column-wrapper kb-column-wrapper-2deefbfc kenta-scroll-reveal gutenify-section-3fdf5420-7114-11ef-afc3-9546a1a0bd1b\"><div class=\"kb-column kb-column-2deefbfc\"><div class=\"kb-column-content\">\n<div class=\"wp-block-kenta-blocks-heading kb-heading kb-heading-h4 kb-heading-aacadab9 gutenify-section-3fdd7f60-7114-11ef-afc3-9546a1a0bd1b\"><h4 class=\"\"><strong>Uluslararas\u0131 Tecr\u00fcbe<\/strong><\/h4><\/div>\n\n\n\n<figure class=\"wp-block-image aligncenter size-full is-style-rounded gutenify-section-74779310-110b-11ee-a239-b72949ecbca6\"><img data-recalc-dims=\"1\" decoding=\"async\" width=\"2137\" height=\"1234\" src=\"https:\/\/i0.wp.com\/mce.com.tr\/wp-content\/uploads\/2023\/06\/env-world_zMxOa3p.jpg?resize=2137%2C1234&#038;ssl=1\" alt=\"\" class=\"wp-image-494\" srcset=\"https:\/\/i0.wp.com\/mce.com.tr\/wp-content\/uploads\/2023\/06\/env-world_zMxOa3p.jpg?w=2137&amp;ssl=1 2137w, https:\/\/i0.wp.com\/mce.com.tr\/wp-content\/uploads\/2023\/06\/env-world_zMxOa3p.jpg?resize=300%2C173&amp;ssl=1 300w, https:\/\/i0.wp.com\/mce.com.tr\/wp-content\/uploads\/2023\/06\/env-world_zMxOa3p.jpg?resize=1024%2C591&amp;ssl=1 1024w, https:\/\/i0.wp.com\/mce.com.tr\/wp-content\/uploads\/2023\/06\/env-world_zMxOa3p.jpg?resize=768%2C443&amp;ssl=1 768w, https:\/\/i0.wp.com\/mce.com.tr\/wp-content\/uploads\/2023\/06\/env-world_zMxOa3p.jpg?resize=1536%2C887&amp;ssl=1 1536w, https:\/\/i0.wp.com\/mce.com.tr\/wp-content\/uploads\/2023\/06\/env-world_zMxOa3p.jpg?resize=2048%2C1183&amp;ssl=1 2048w\" sizes=\"(max-width: 1000px) 100vw, 1000px\" \/><\/figure>\n\n\n\n<div class=\"wp-block-kenta-blocks-paragraph kb-paragraph kb-paragraph-fa19940b gutenify-section-3fde90d0-7114-11ef-afc3-9546a1a0bd1b\"><p class=\"\">MCE, Yerli ve Yabanc\u0131 \u0130\u015f Ortaklar\u0131 ile sekt\u00f6rde \u00dclke s\u0131n\u0131rlar\u0131 a\u015fm\u0131\u015f  bir co\u011frafyada hizmet vermektedir. <\/p><\/div>\n<\/div><\/div><\/div>\n<\/div>\n\n\n\n<div class=\"wp-block-kenta-blocks-heading kb-heading kb-heading-h2 kb-heading-d7f3f575 kenta-scroll-reveal gutenify-section-3fe0dac0-7114-11ef-afc3-9546a1a0bd1b\"><h2 class=\"\">AnA faaliyet alanlar\u0131m\u0131z<\/h2><\/div>\n\n\n\n<div class=\"wp-block-kenta-blocks-paragraph kb-paragraph kb-paragraph-9b49ac9c kenta-scroll-reveal gutenify-section-3fe14ff0-7114-11ef-afc3-9546a1a0bd1b\"><p class=\"\">Ana faaliyet alanlar\u0131m\u0131za ili\u015fkin detayl\u0131 bilgilere<br>a\u015fa\u011f\u0131daki resimlere t\u0131klayarak eri\u015febilirsiniz. <\/p><\/div>\n\n\n\n<div class=\"wp-block-kenta-blocks-section kb-section-b1e3e286 kb-section gutenify-section-3fea0280-7114-11ef-afc3-9546a1a0bd1b\">\n<div class=\"wp-block-kenta-blocks-column kb-column-wrapper kb-column-wrapper-1a225b4f kenta-scroll-reveal gutenify-section-3fe372d0-7114-11ef-afc3-9546a1a0bd1b\"><div class=\"kb-column kb-column-1a225b4f\"><div class=\"kb-column-content\">\n<figure class=\"wp-block-image aligncenter size-full is-resized gutenify-section-154663c0-0f7c-11ee-b2d7-2b47905cce0c\"><img data-recalc-dims=\"1\" loading=\"lazy\" decoding=\"async\" width=\"317\" height=\"225\" src=\"https:\/\/i0.wp.com\/mce.com.tr\/wp-content\/uploads\/2023\/06\/1.KENTSEL-ULASIM-PLANMALAMASI.jpg?resize=317%2C225&#038;ssl=1\" alt=\"\" class=\"wp-image-214\" style=\"width:250px;height:200px\" srcset=\"https:\/\/i0.wp.com\/mce.com.tr\/wp-content\/uploads\/2023\/06\/1.KENTSEL-ULASIM-PLANMALAMASI.jpg?w=317&amp;ssl=1 317w, https:\/\/i0.wp.com\/mce.com.tr\/wp-content\/uploads\/2023\/06\/1.KENTSEL-ULASIM-PLANMALAMASI.jpg?resize=300%2C213&amp;ssl=1 300w\" sizes=\"(max-width: 317px) 100vw, 317px\" \/><\/figure>\n\n\n\n<div class=\"wp-block-kenta-blocks-heading kb-heading kb-heading-h4 kb-heading-9ac80262 gutenify-section-3fe1ec30-7114-11ef-afc3-9546a1a0bd1b\"><h4 class=\"\">Ula\u015f\u0131m Planlamas\u0131, m\u00fchendislik <\/h4><\/div>\n\n\n\n<div class=\"wp-block-kenta-blocks-paragraph kb-paragraph kb-paragraph-2bffa348 gutenify-section-3fe2af80-7114-11ef-afc3-9546a1a0bd1b\"><p class=\"\"><strong>Ula\u015f\u0131m Ana Plan\u0131 <br>Lojistik Ana Plan<\/strong><br><strong>Karayolu M\u00fchendisli\u011fi<br>Demiryolu M\u00fchendisli\u011fi<br>Kav\u015fak Geometrik D\u00fczenlemeleri<br>Otopark Et\u00fctleri <br>AVM Et\u00fctleri<\/strong>  <\/p><\/div>\n<\/div><\/div><\/div>\n\n\n\n<div class=\"wp-block-kenta-blocks-column kb-column-wrapper kb-column-wrapper-cccccfa1 kenta-scroll-reveal gutenify-section-3fe68010-7114-11ef-afc3-9546a1a0bd1b\"><div class=\"kb-column kb-column-cccccfa1\"><div class=\"kb-column-content\">\n<figure class=\"wp-block-image aligncenter size-full is-resized gutenify-section-154949f0-0f7c-11ee-b2d7-2b47905cce0c\"><img data-recalc-dims=\"1\" loading=\"lazy\" decoding=\"async\" width=\"317\" height=\"206\" src=\"https:\/\/i0.wp.com\/mce.com.tr\/wp-content\/uploads\/2023\/06\/2.KENTSEL-ULASIM-PLANMALAMASI.jpg?resize=317%2C206&#038;ssl=1\" alt=\"\" class=\"wp-image-248\" style=\"width:250px;height:200px\" srcset=\"https:\/\/i0.wp.com\/mce.com.tr\/wp-content\/uploads\/2023\/06\/2.KENTSEL-ULASIM-PLANMALAMASI.jpg?w=317&amp;ssl=1 317w, https:\/\/i0.wp.com\/mce.com.tr\/wp-content\/uploads\/2023\/06\/2.KENTSEL-ULASIM-PLANMALAMASI.jpg?resize=300%2C195&amp;ssl=1 300w\" sizes=\"(max-width: 317px) 100vw, 317px\" \/><\/figure>\n\n\n\n<div class=\"wp-block-kenta-blocks-heading kb-heading kb-heading-h4 kb-heading-b275990d gutenify-section-3fe45d30-7114-11ef-afc3-9546a1a0bd1b\"><h4 class=\"\">Modelleme , S\u0130M\u00dcLASYON ve F\u0130Z\u0130B\u0130L\u0130TE<\/h4><\/div>\n\n\n\n<div class=\"wp-block-kenta-blocks-paragraph kb-paragraph kb-paragraph-03442973 gutenify-section-3fe56ea0-7114-11ef-afc3-9546a1a0bd1b\"><p class=\"\"><strong>Ula\u015f\u0131m Talep Tahmin Modeli <br>Lojistik Talep Tahmin Modeli <br>Mezoskopik \u00d6l\u00e7ek Modeller <br>Mikro Sim\u00fclasyon <\/strong><br><strong>Matematiksel Modeller<\/strong><br><strong>Ak\u0131ll\u0131 Ula\u015f\u0131m Sistemleri<\/strong><br><strong>Co\u011frafi Bilgi Sistemleri<\/strong> <strong><br><\/strong><\/p><\/div>\n<\/div><\/div><\/div>\n\n\n\n<div class=\"wp-block-kenta-blocks-column kb-column-wrapper kb-column-wrapper-b41be88a kenta-scroll-reveal gutenify-section-3fe91820-7114-11ef-afc3-9546a1a0bd1b\"><div class=\"kb-column kb-column-b41be88a\"><div class=\"kb-column-content\">\n<figure class=\"wp-block-image aligncenter size-full is-resized gutenify-section-154be200-0f7c-11ee-b2d7-2b47905cce0c\"><img data-recalc-dims=\"1\" loading=\"lazy\" decoding=\"async\" width=\"299\" height=\"205\" src=\"https:\/\/i0.wp.com\/mce.com.tr\/wp-content\/uploads\/2023\/06\/17.GURULTU-PERDESI.jpg?resize=299%2C205&#038;ssl=1\" alt=\"\" class=\"wp-image-247\" style=\"width:250px;height:200px\"\/><\/figure>\n\n\n\n<div class=\"wp-block-kenta-blocks-heading kb-heading kb-heading-h4 kb-heading-f5153b55 gutenify-section-3fe74360-7114-11ef-afc3-9546a1a0bd1b\"><h4 class=\"\">G\u00fcr\u00fclt\u00fc Perdesi Projelendirme<\/h4><\/div>\n\n\n\n<div class=\"wp-block-kenta-blocks-paragraph kb-paragraph kb-paragraph-9594ee54 gutenify-section-3fe82dc0-7114-11ef-afc3-9546a1a0bd1b\"><p class=\"\"><strong>G\u00fcr\u00fclt\u00fc Saha \u0130ncelemesi <br>G\u00fcr\u00fclt\u00fc Modeli <br>G\u00fcr\u00fclt\u00fc \u00d6l\u00e7\u00fcmleri <br>G\u00fcr\u00fclt\u00fc Perdesi Tasar\u0131m\u0131 <\/strong><br><strong>Teknik \u015eartname <br>Sat\u0131n alma s\u00fcre\u00e7 y\u00f6netimi<br>Animasyon ve Modellem<\/strong>e<br><\/p><\/div>\n<\/div><\/div><\/div>\n<\/div>\n\n\n\n<div class=\"wp-block-kenta-blocks-spacer kb-spacer-7d8111b8 kb-spacer gutenify-section-3feb13f0-7114-11ef-afc3-9546a1a0bd1b\" aria-hidden=\"true\"><\/div>\n\n\n\n<div class=\"wp-block-kenta-blocks-cover alignfull kb-cover-17353cb7 kb-cover kb-cover-has-overlay gutenify-section-3fef0b90-7114-11ef-afc3-9546a1a0bd1b\"><div class=\"kb-cover-inner-container\">\n<div class=\"wp-block-media-text alignwide is-stacked-on-mobile is-image-fill has-kenta-primary-active-color has-very-light-gray-to-cyan-bluish-gray-gradient-background has-text-color has-background gutenify-section-154f8b80-0f7c-11ee-b2d7-2b47905cce0c\" style=\"grid-template-columns:37% auto\"><figure class=\"wp-block-media-text__media\" style=\"background-image:url(https:\/\/mce.com.tr\/wp-content\/uploads\/2023\/06\/TLMP.jpg);background-position:50% 50%\"><img data-recalc-dims=\"1\" loading=\"lazy\" decoding=\"async\" width=\"1007\" height=\"557\" src=\"https:\/\/i0.wp.com\/mce.com.tr\/wp-content\/uploads\/2023\/06\/TLMP.jpg?resize=1007%2C557&#038;ssl=1\" alt=\"\" class=\"wp-image-452 size-full\" srcset=\"https:\/\/i0.wp.com\/mce.com.tr\/wp-content\/uploads\/2023\/06\/TLMP.jpg?w=1007&amp;ssl=1 1007w, https:\/\/i0.wp.com\/mce.com.tr\/wp-content\/uploads\/2023\/06\/TLMP.jpg?resize=300%2C166&amp;ssl=1 300w, https:\/\/i0.wp.com\/mce.com.tr\/wp-content\/uploads\/2023\/06\/TLMP.jpg?resize=768%2C425&amp;ssl=1 768w\" sizes=\"(max-width: 1000px) 100vw, 1000px\" \/><\/figure><div class=\"wp-block-media-text__content\">\n<div class=\"wp-block-kenta-blocks-heading kb-heading kb-heading-h1 kb-heading-30752ce7 kenta-scroll-reveal gutenify-section-3febfe50-7114-11ef-afc3-9546a1a0bd1b\"><h1 class=\"\">VER\u0130 TOPLAMA H\u0130ZMETLER\u0130 <\/h1><\/div>\n\n\n\n<div class=\"wp-block-kenta-blocks-paragraph kb-paragraph kb-paragraph-b423bf3a kenta-scroll-reveal gutenify-section-3fed36d0-7114-11ef-afc3-9546a1a0bd1b\"><p class=\"\">Planlaman\u0131n ilk a\u015famas\u0131 olan veri toplama \u00e7\u00f6z\u00fcmlerimiz <br>Trafik Say\u0131mlar\u0131, Saha Anketleri, Mevcut Durum Analizi  <\/p><\/div>\n\n\n\n<div class=\"wp-block-kenta-blocks-buttons kb-buttons kb-buttons-dc2dccfe gutenify-section-3fee2130-7114-11ef-afc3-9546a1a0bd1b\">\n<div class=\"kb-button-wrapper kb-button-wrapper-166570ab\"><a class=\"wp-block-kenta-blocks-button kb-button kb-button-166570ab kb-button-left kenta-scroll-reveal gutenify-section-154ec830-0f7c-11ee-b2d7-2b47905cce0c\" href=\"https:\/\/mce.com.tr\/index.php\/iletisim\/\"><span>Bilgi Al <\/span><\/a><\/div>\n<\/div>\n<\/div><\/div>\n<\/div><\/div>\n\n\n\n<div class=\"wp-block-kenta-blocks-cover alignfull kb-cover-a73191af kb-cover gutenify-section-3ffaf270-7114-11ef-afc3-9546a1a0bd1b\"><div class=\"kb-cover-inner-container\">\n<div class=\"wp-block-kenta-blocks-section kb-section-da3eac67 kb-section gutenify-section-3ff992e0-7114-11ef-afc3-9546a1a0bd1b\">\n<div class=\"wp-block-kenta-blocks-column kb-column-wrapper kb-column-wrapper-57b02729 kenta-scroll-reveal gutenify-section-3ff1f1c0-7114-11ef-afc3-9546a1a0bd1b\"><div class=\"kb-column kb-column-57b02729\"><div class=\"kb-column-content\">\n<div class=\"wp-block-kenta-blocks-paragraph kb-paragraph kb-paragraph-c7e4c9ba animated lightSpeedInRight gutenify-section-3feff5f0-7114-11ef-afc3-9546a1a0bd1b\"><p class=\"\">17<mark style=\"background-color:rgba(0, 0, 0, 0)\" class=\"has-inline-color has-kenta-primary-active-color\">+<\/mark><\/p><\/div>\n\n\n\n<div class=\"wp-block-kenta-blocks-paragraph kb-paragraph kb-paragraph-3d645e4e gutenify-section-3ff0e050-7114-11ef-afc3-9546a1a0bd1b\"><p class=\"\">Y\u0131ll\u0131k Tecr\u00fcbe <\/p><\/div>\n<\/div><\/div><\/div>\n\n\n\n<div class=\"wp-block-kenta-blocks-column kb-column-wrapper kb-column-wrapper-06e44108 kenta-scroll-reveal gutenify-section-3ff52610-7114-11ef-afc3-9546a1a0bd1b\"><div class=\"kb-column kb-column-06e44108\"><div class=\"kb-column-content\">\n<div class=\"wp-block-kenta-blocks-paragraph kb-paragraph kb-paragraph-cc45c9b9 animated lightSpeedInRight gutenify-section-3ff30330-7114-11ef-afc3-9546a1a0bd1b\"><p class=\"\">50<mark style=\"background-color:rgba(0, 0, 0, 0)\" class=\"has-inline-color has-kenta-primary-active-color\">+<\/mark><\/p><\/div>\n\n\n\n<div class=\"wp-block-kenta-blocks-paragraph kb-paragraph kb-paragraph-3578bdec gutenify-section-3ff414a0-7114-11ef-afc3-9546a1a0bd1b\"><p class=\"\">Ba\u015far\u0131yla Tamamlanm\u0131\u015f Proje<\/p><\/div>\n<\/div><\/div><\/div>\n\n\n\n<div class=\"wp-block-kenta-blocks-column kb-column-wrapper kb-column-wrapper-a60b7ae1 kenta-scroll-reveal gutenify-section-3ff85a60-7114-11ef-afc3-9546a1a0bd1b\"><div class=\"kb-column kb-column-a60b7ae1\"><div class=\"kb-column-content\">\n<div class=\"wp-block-kenta-blocks-paragraph kb-paragraph kb-paragraph-2a0a7c8c animated lightSpeedInRight gutenify-section-3ff63780-7114-11ef-afc3-9546a1a0bd1b\"><p class=\"\">25<mark style=\"background-color:rgba(0, 0, 0, 0)\" class=\"has-inline-color has-kenta-primary-active-color\">+<\/mark><\/p><\/div>\n\n\n\n<div class=\"wp-block-kenta-blocks-paragraph kb-paragraph kb-paragraph-824e5d62 gutenify-section-3ff77000-7114-11ef-afc3-9546a1a0bd1b\"><p class=\"\">Birlikte \u00c7al\u015f\u0131lan Kurum<\/p><\/div>\n<\/div><\/div><\/div>\n<\/div>\n<\/div><\/div>\n\n\n\n<div class=\"wp-block-kenta-blocks-cover alignfull kb-cover-62314527 kb-cover gutenify-section-3fffd470-7114-11ef-afc3-9546a1a0bd1b\"><div class=\"kb-cover-inner-container\">\n<div class=\"wp-block-kenta-blocks-heading kb-heading kb-heading-h2 kb-heading-57cd9a13 kenta-scroll-reveal gutenify-section-3ffc2af0-7114-11ef-afc3-9546a1a0bd1b\"><h2 class=\"\">Sizinle ileti\u015fime ge\u00e7memizi  ister misiniz ?<\/h2><\/div>\n\n\n\n<div class=\"wp-block-kenta-blocks-paragraph kb-paragraph kb-paragraph-2546cff2 kenta-scroll-reveal gutenify-section-3ffd6370-7114-11ef-afc3-9546a1a0bd1b\"><p class=\"\">Faaliyet alanlar\u0131m\u0131zdaki konularda bilgi almak, detayl\u0131 g\u00f6r\u00fc\u015fme yapmak ve s\u00fcre\u00e7 y\u00f6netimi i\u00e7in sizinle ileti\u015fime ge\u00e7memizi isterseniz l\u00fctfen a\u015fa\u011f\u0131daki d\u00fc\u011fmeye t\u0131klayarak ileti\u015fim kanallar\u0131m\u0131zdan size uygun olan\u0131 se\u00e7erek <strong>MCE<\/strong>&#8216; ye iletiniz uzmanlar\u0131m\u0131z sizinle en k\u0131sa s\u00fcrede ileti\u015fime ge\u00e7ecektir. <\/p><\/div>\n\n\n\n<div class=\"wp-block-kenta-blocks-buttons kb-buttons kb-buttons-a0f058a7 gutenify-section-3ffe74e0-7114-11ef-afc3-9546a1a0bd1b\">\n<div class=\"kb-button-wrapper kb-button-wrapper-27d79e53\"><a class=\"wp-block-kenta-blocks-button kb-button kb-button-27d79e53 kb-button-right gutenify-section-4c55d480-7115-11ef-afc3-9546a1a0bd1b\" href=\"https:\/\/mce.com.tr\/index.php\/iletisim\/\"><i class=\"fas fa-arrow-right-long\"><\/i><span>Bize Ula\u015f\u0131n<\/span><\/a><\/div>\n<\/div>\n\n\n\n<hr class=\"wp-block-kenta-blocks-separator kb-separator-6020b773 kb-separator gutenify-section-9ddf1730-7115-11ef-afc3-9546a1a0bd1b\"\/>\n\n\n\n<figure class=\"wp-block-image size-full is-resized gutenify-section-ac9e4480-7115-11ef-afc3-9546a1a0bd1b\"><img data-recalc-dims=\"1\" loading=\"lazy\" decoding=\"async\" width=\"650\" height=\"287\" src=\"https:\/\/i0.wp.com\/mce.com.tr\/wp-content\/uploads\/2023\/06\/MCE_Go_Ka.png?resize=650%2C287&#038;ssl=1\" alt=\"MCE Sustainability,\nSustainable Environmental\nSolutions\n\" class=\"wp-image-412\" style=\"width:1092px;height:auto\" srcset=\"https:\/\/i0.wp.com\/mce.com.tr\/wp-content\/uploads\/2023\/06\/MCE_Go_Ka.png?w=650&amp;ssl=1 650w, https:\/\/i0.wp.com\/mce.com.tr\/wp-content\/uploads\/2023\/06\/MCE_Go_Ka.png?resize=300%2C132&amp;ssl=1 300w\" sizes=\"(max-width: 650px) 100vw, 650px\" \/><\/figure>\n<\/div><\/div>\n","protected":false},"excerpt":{"rendered":"","protected":false},"author":1,"featured_media":0,"parent":0,"menu_order":0,"comment_status":"closed","ping_status":"closed","template":"","meta":{"om_disable_all_campaigns":false,"site-container-style":"boxed","site-container-layout":"normal","site-sidebar-layout":"no-sidebar","site-transparent-header":"disable","disable-article-header":"yes","disable-site-header":"default","disable-site-footer":"default","disable-content-area-spacing":"yes","_themeisle_gutenberg_block_has_review":false,"footnotes":""},"class_list":["post-10","page","type-page","status-publish","hentry"],"jetpack_sharing_enabled":true,"_links":{"self":[{"href":"https:\/\/mce.com.tr\/index.php\/wp-json\/wp\/v2\/pages\/10","targetHints":{"allow":["GET"]}}],"collection":[{"href":"https:\/\/mce.com.tr\/index.php\/wp-json\/wp\/v2\/pages"}],"about":[{"href":"https:\/\/mce.com.tr\/index.php\/wp-json\/wp\/v2\/types\/page"}],"author":[{"embeddable":true,"href":"https:\/\/mce.com.tr\/index.php\/wp-json\/wp\/v2\/users\/1"}],"replies":[{"embeddable":true,"href":"https:\/\/mce.com.tr\/index.php\/wp-json\/wp\/v2\/comments?post=10"}],"version-history":[{"count":103,"href":"https:\/\/mce.com.tr\/index.php\/wp-json\/wp\/v2\/pages\/10\/revisions"}],"predecessor-version":[{"id":1100,"href":"https:\/\/mce.com.tr\/index.php\/wp-json\/wp\/v2\/pages\/10\/revisions\/1100"}],"wp:attachment":[{"href":"https:\/\/mce.com.tr\/index.php\/wp-json\/wp\/v2\/media?parent=10"}],"curies":[{"name":"wp","href":"https:\/\/api.w.org\/{rel}","templated":true}]}}