{"id":136,"date":"2022-10-19T05:41:59","date_gmt":"2022-10-19T05:41:59","guid":{"rendered":"http:\/\/localhost:8888\/?page_id=136"},"modified":"2023-06-27T00:00:00","modified_gmt":"2023-06-26T21:00:00","slug":"services","status":"publish","type":"page","link":"https:\/\/mce.com.tr\/index.php\/services\/","title":{"rendered":"Faaliyet Alanlar\u0131"},"content":{"rendered":"\n<div class=\"wp-block-kenta-blocks-cover alignfull kb-cover-66cfe183 kb-cover kb-cover-has-overlay gutenify-section-b3db2d60-0f75-11ee-912b-c5c0828958a8\"><div class=\"kb-cover-inner-container\">\n<div class=\"wp-block-kenta-blocks-spacer kb-spacer-735a13a1 kb-spacer gutenify-section-b3d89550-0f75-11ee-912b-c5c0828958a8\" aria-hidden=\"true\"><\/div>\n\n\n\n<div class=\"wp-block-kenta-blocks-heading kb-heading kb-heading-h1 kb-heading-9dbf388e kenta-scroll-reveal gutenify-section-b3d9cdd0-0f75-11ee-912b-c5c0828958a8\"><h1 class=\"\">Faaliyet <mark style=\"background-color:rgba(0, 0, 0, 0)\" class=\"has-inline-color has-kenta-primary-color\">Alanlar\u0131m\u0131z<\/mark><\/h1><\/div>\n\n\n\n<div class=\"wp-block-kenta-blocks-paragraph kb-paragraph kb-paragraph-28e1f09c kenta-scroll-reveal gutenify-section-b3da4300-0f75-11ee-912b-c5c0828958a8\"><p class=\"\"><strong><mark style=\"background-color:rgba(0, 0, 0, 0)\" class=\"has-inline-color has-kenta-accent-active-color\">MCE&#8217;nin faaliyet alanlar\u0131  <\/mark><\/strong><\/p><\/div>\n\n\n\n<div class=\"wp-block-kenta-blocks-spacer kb-spacer-3176aaea kb-spacer gutenify-section-b3da9120-0f75-11ee-912b-c5c0828958a8\" aria-hidden=\"true\"><\/div>\n<\/div><div data-position=\"bottom\" data-negative=\"true\" class=\"kb-shape-divider\"><svg xmlns=\"http:\/\/www.w3.org\/2000\/svg\" viewBox=\"0 0 1000 100\" preserveAspectRatio=\"none\">\n\t<path class=\"wp-moose-shape-fill\" d=\"M500.2,94.7L0,0v100h1000V0L500.2,94.7z\"\/>\n<\/svg><\/div><\/div>\n\n\n\n<div class=\"wp-block-kenta-blocks-spacer kb-spacer-2a68b37d kb-spacer gutenify-section-b3dba290-0f75-11ee-912b-c5c0828958a8\" aria-hidden=\"true\"><\/div>\n\n\n\n<div class=\"wp-block-kenta-blocks-section alignwide kb-section-f58d40a8 kb-section gutenify-section-b3e67800-0f75-11ee-912b-c5c0828958a8\">\n<div class=\"wp-block-kenta-blocks-column kb-column-wrapper kb-column-wrapper-b1d961bc kenta-scroll-reveal gutenify-section-b3dcb400-0f75-11ee-912b-c5c0828958a8\"><div class=\"kb-column kb-column-b1d961bc\"><div class=\"kb-column-content\">\n<div class=\"wp-block-kenta-blocks-heading kb-heading kb-heading-h3 kb-heading-0d297f98 gutenify-section-b3dbf0b0-0f75-11ee-912b-c5c0828958a8\"><h3 class=\"\">KENTSEL ULA\u015eIM<br>PLANLAMASI<\/h3><\/div>\n<\/div><\/div><\/div>\n\n\n\n<div class=\"wp-block-kenta-blocks-column kb-column-wrapper kb-column-wrapper-3a6608f2 kenta-scroll-reveal gutenify-section-b3de61b0-0f75-11ee-912b-c5c0828958a8\"><div class=\"kb-column kb-column-3a6608f2\"><div class=\"kb-column-content\">\n<div class=\"wp-block-kenta-blocks-heading kb-heading kb-heading-h3 kb-heading-01239608 gutenify-section-5754e4a0-1119-11ee-8f94-f1596c519a75\"><h3 class=\"\">ula\u015f\u0131m ana planlar\u0131 <br>lojistik ana planlar\u0131<\/h3><\/div>\n<\/div><\/div><\/div>\n\n\n\n<div class=\"wp-block-kenta-blocks-column kb-column-wrapper kb-column-wrapper-2f8ac0c3 kenta-scroll-reveal gutenify-section-b3df9a30-0f75-11ee-912b-c5c0828958a8\"><div class=\"kb-column kb-column-2f8ac0c3\"><div class=\"kb-column-content\">\n<div class=\"wp-block-kenta-blocks-heading kb-heading kb-heading-h3 kb-heading-41df7c70 gutenify-section-b3ded6e0-0f75-11ee-912b-c5c0828958a8\"><h3 class=\"\">TOPLU TA\u015eIMA OPT\u0130M\u0130ZASYONU?<\/h3><\/div>\n<\/div><\/div><\/div>\n\n\n\n<div class=\"wp-block-kenta-blocks-column kb-column-wrapper kb-column-wrapper-6b4e5846 kenta-scroll-reveal gutenify-section-b3e05d80-0f75-11ee-912b-c5c0828958a8\"><div class=\"kb-column kb-column-6b4e5846\"><div class=\"kb-column-content\">\n<div class=\"wp-block-kenta-blocks-heading kb-heading kb-heading-h3 kb-heading-3f5cf280 gutenify-section-b3dfe850-0f75-11ee-912b-c5c0828958a8\"><h3 class=\"\">F\u0130Z\u0130B\u0130L\u0130TE RAPORLARI<\/h3><\/div>\n<\/div><\/div><\/div>\n\n\n\n<div class=\"wp-block-kenta-blocks-column kb-column-wrapper kb-column-wrapper-233d27a0 kenta-scroll-reveal gutenify-section-b3e1e420-0f75-11ee-912b-c5c0828958a8\"><div class=\"kb-column kb-column-233d27a0\"><div class=\"kb-column-content\">\n<div class=\"wp-block-kenta-blocks-heading kb-heading kb-heading-h3 kb-heading-891aa647 gutenify-section-b3e0d2b0-0f75-11ee-912b-c5c0828958a8\"><h3 class=\"\">ULA\u015eIM MODELLEME<\/h3><\/div>\n<\/div><\/div><\/div>\n\n\n\n<div class=\"wp-block-kenta-blocks-column kb-column-wrapper kb-column-wrapper-c9c5dd10 kenta-scroll-reveal gutenify-section-b3e2f590-0f75-11ee-912b-c5c0828958a8\"><div class=\"kb-column kb-column-c9c5dd10\"><div class=\"kb-column-content\">\n<div class=\"wp-block-kenta-blocks-heading kb-heading kb-heading-h3 kb-heading-27f09558 gutenify-section-b3e25950-0f75-11ee-912b-c5c0828958a8\"><h3 class=\"\">M\u0130KRO S\u0130MULASYON<\/h3><\/div>\n<\/div><\/div><\/div>\n\n\n\n<div class=\"wp-block-kenta-blocks-column kb-column-wrapper kb-column-wrapper-e6fb9f75 kenta-scroll-reveal gutenify-section-b3e40700-0f75-11ee-912b-c5c0828958a8\"><div class=\"kb-column kb-column-e6fb9f75\"><div class=\"kb-column-content\">\n<div class=\"wp-block-kenta-blocks-heading kb-heading kb-heading-h3 kb-heading-b82ee4cd gutenify-section-b3e343b0-0f75-11ee-912b-c5c0828958a8\"><h3 class=\"\">CO\u011eRAF\u0130 B\u0130LG\u0130 S\u0130STEMLER\u0130<\/h3><\/div>\n<\/div><\/div><\/div>\n\n\n\n<div class=\"wp-block-kenta-blocks-column kb-column-wrapper kb-column-wrapper-1c2b92d1 kenta-scroll-reveal gutenify-section-b3e4f160-0f75-11ee-912b-c5c0828958a8\"><div class=\"kb-column kb-column-1c2b92d1\"><div class=\"kb-column-content\">\n<div class=\"wp-block-kenta-blocks-heading kb-heading kb-heading-h3 kb-heading-8754c148 gutenify-section-b3e45520-0f75-11ee-912b-c5c0828958a8\"><h3 class=\"\">AKILLI ULA\u015eIM S\u0130STEMLER\u0130 <\/h3><\/div>\n<\/div><\/div><\/div>\n\n\n\n<div class=\"wp-block-kenta-blocks-column kb-column-wrapper kb-column-wrapper-472ea583 kenta-scroll-reveal gutenify-section-b3e602d0-0f75-11ee-912b-c5c0828958a8\"><div class=\"kb-column kb-column-472ea583\"><div class=\"kb-column-content\">\n<div class=\"wp-block-kenta-blocks-heading kb-heading kb-heading-h3 kb-heading-e6e0bb4c gutenify-section-b3e53f80-0f75-11ee-912b-c5c0828958a8\"><h3 class=\"\">G\u00dcR\u00dcLT\u00dc PERDES\u0130 <\/h3><\/div>\n<\/div><\/div><\/div>\n\n\n\n<div class=\"wp-block-kenta-blocks-column kb-column-wrapper kb-column-wrapper-d958b7dc kenta-scroll-reveal gutenify-section-adf22a00-141d-11ee-905e-fbb18b6626ac\"><div class=\"kb-column kb-column-d958b7dc\"><div class=\"kb-column-content\">\n<div class=\"wp-block-kenta-blocks-heading kb-heading kb-heading-h3 kb-heading-22c87b11 gutenify-section-adef43d0-141d-11ee-905e-fbb18b6626ac\"><h3 class=\"\">AVM ET\u00dcDLER\u0130<br>TRAF\u0130K ET\u00dcDLER\u0130 <\/h3><\/div>\n<\/div><\/div><\/div>\n\n\n\n<div class=\"wp-block-kenta-blocks-column kb-column-wrapper kb-column-wrapper-c8dc3bad kenta-scroll-reveal gutenify-section-af804410-141d-11ee-905e-fbb18b6626ac\"><div class=\"kb-column kb-column-c8dc3bad\"><div class=\"kb-column-content\">\n<div class=\"wp-block-kenta-blocks-heading kb-heading kb-heading-h3 kb-heading-914712be gutenify-section-af7d5de0-141d-11ee-905e-fbb18b6626ac\"><h3 class=\"\">SAHA ANKETLER\u0130<br>TRAF\u0130K SAYIMLARI<\/h3><\/div>\n<\/div><\/div><\/div>\n\n\n\n<div class=\"wp-block-kenta-blocks-column kb-column-wrapper kb-column-wrapper-37e9757a kenta-scroll-reveal gutenify-section-b1145190-141d-11ee-905e-fbb18b6626ac\"><div class=\"kb-column kb-column-37e9757a\"><div class=\"kb-column-content\">\n<div class=\"wp-block-kenta-blocks-heading kb-heading kb-heading-h3 kb-heading-57577e40 gutenify-section-b1119270-141d-11ee-905e-fbb18b6626ac\"><h3 class=\"\">EKONOM\u0130K MODELLER<br>MATEMAT\u0130K MODELLER<\/h3><\/div>\n<\/div><\/div><\/div>\n<\/div>\n\n\n\n<div class=\"wp-block-kenta-blocks-spacer kb-spacer-7172db85 kb-spacer gutenify-section-b3e71440-0f75-11ee-912b-c5c0828958a8\" aria-hidden=\"true\"><\/div>\n","protected":false},"excerpt":{"rendered":"","protected":false},"author":1,"featured_media":0,"parent":0,"menu_order":0,"comment_status":"closed","ping_status":"closed","template":"templates\/boxed-page-builder.php","meta":{"om_disable_all_campaigns":false,"site-container-style":"boxed","site-container-layout":"normal","site-sidebar-layout":"no-sidebar","site-transparent-header":"disable","disable-article-header":"yes","disable-site-header":"default","disable-site-footer":"default","disable-content-area-spacing":"yes","_themeisle_gutenberg_block_has_review":false,"footnotes":""},"class_list":["post-136","page","type-page","status-publish","hentry"],"jetpack_sharing_enabled":true,"_links":{"self":[{"href":"https:\/\/mce.com.tr\/index.php\/wp-json\/wp\/v2\/pages\/136","targetHints":{"allow":["GET"]}}],"collection":[{"href":"https:\/\/mce.com.tr\/index.php\/wp-json\/wp\/v2\/pages"}],"about":[{"href":"https:\/\/mce.com.tr\/index.php\/wp-json\/wp\/v2\/types\/page"}],"author":[{"embeddable":true,"href":"https:\/\/mce.com.tr\/index.php\/wp-json\/wp\/v2\/users\/1"}],"replies":[{"embeddable":true,"href":"https:\/\/mce.com.tr\/index.php\/wp-json\/wp\/v2\/comments?post=136"}],"version-history":[{"count":16,"href":"https:\/\/mce.com.tr\/index.php\/wp-json\/wp\/v2\/pages\/136\/revisions"}],"predecessor-version":[{"id":803,"href":"https:\/\/mce.com.tr\/index.php\/wp-json\/wp\/v2\/pages\/136\/revisions\/803"}],"wp:attachment":[{"href":"https:\/\/mce.com.tr\/index.php\/wp-json\/wp\/v2\/media?parent=136"}],"curies":[{"name":"wp","href":"https:\/\/api.w.org\/{rel}","templated":true}]}}