{"id":163,"date":"2022-10-19T02:45:15","date_gmt":"2022-10-19T02:45:15","guid":{"rendered":"http:\/\/localhost:8888\/?page_id=6"},"modified":"2026-03-09T15:39:45","modified_gmt":"2026-03-09T12:39:45","slug":"about","status":"publish","type":"page","link":"https:\/\/mce.com.tr\/index.php\/about\/","title":{"rendered":"Hakk\u0131m\u0131zda"},"content":{"rendered":"\n<div class=\"wp-block-kenta-blocks-cover alignfull kb-cover-66cfe183 kb-cover kb-cover-has-overlay gutenify-section-aa9c0e70-0f6d-11ee-8597-f15ce82c2a38\"><div class=\"kb-cover-inner-container\">\n<div class=\"wp-block-kenta-blocks-spacer kb-spacer-735a13a1 kb-spacer gutenify-section-aa98da20-0f6d-11ee-8597-f15ce82c2a38\" aria-hidden=\"true\"><\/div>\n\n\n\n<div class=\"wp-block-kenta-blocks-heading kb-heading kb-heading-h1 kb-heading-9dbf388e kenta-scroll-reveal gutenify-section-aa999d70-0f6d-11ee-8597-f15ce82c2a38\"><h1 class=\"\">Ula\u015f\u0131m Planlama Konusunda<br><mark style=\"background-color:rgba(0, 0, 0, 0)\" class=\"has-inline-color has-kenta-primary-color\">Tecr\u00fcbeli \u00c7\u00f6z\u00fcm orta\u011f\u0131n\u0131z<\/mark><\/h1><\/div>\n\n\n\n<div class=\"wp-block-kenta-blocks-paragraph kb-paragraph kb-paragraph-28e1f09c kenta-scroll-reveal gutenify-section-aa9a39b0-0f6d-11ee-8597-f15ce82c2a38\"><p class=\"\"><strong>MCE &#8221; Teknolojiyi Bilgiye D\u00f6n\u00fc\u015ft\u00fcr\u00fcr&#8221;<\/strong><\/p><\/div>\n\n\n\n<div class=\"wp-block-kenta-blocks-spacer kb-spacer-3176aaea kb-spacer gutenify-section-aa9ad5f0-0f6d-11ee-8597-f15ce82c2a38\" aria-hidden=\"true\"><\/div>\n<\/div><\/div>\n\n\n\n<div class=\"wp-block-kenta-blocks-section alignfull kb-section-b06efc2b kb-section gutenify-section-aaaa6650-0f6d-11ee-8597-f15ce82c2a38\"><div class=\"kb-section-container\">\n<div class=\"wp-block-kenta-blocks-column kb-column-wrapper kb-column-wrapper-a403ee31 gutenify-section-aaa25000-0f6d-11ee-8597-f15ce82c2a38\"><div class=\"kb-column kb-column-a403ee31\"><div class=\"kb-column-content\">\n<div class=\"wp-block-kenta-blocks-heading kb-heading kb-heading-h2 kb-heading-22d68763 kenta-scroll-reveal gutenify-section-aa9caab0-0f6d-11ee-8597-f15ce82c2a38\"><h2 class=\"\">Hakk\u0131m\u0131zda<\/h2><\/div>\n\n\n\n<div class=\"wp-block-kenta-blocks-paragraph kb-paragraph kb-paragraph-90d2c37e kenta-scroll-reveal gutenify-section-aa9d6e00-0f6d-11ee-8597-f15ce82c2a38\"><p class=\"\">2006 y\u0131l\u0131nda ana faaliyet alanlar\u0131 tasar\u0131m, m\u00fchendislik ve dan\u0131\u015fmanl\u0131k olarak Ankara merkezli olarak kurulan MCE Bili\u015fim Elektronik M\u00fchendislik, m\u00fc\u015fterilerine en iyi profesyonel hizmeti sunmay\u0131 ve kurumsal ili\u015fkilerinde g\u00fcvene dayal\u0131 s\u00fcrd\u00fcr\u00fclebilir i\u015f birli\u011fi ve geli\u015fimi hedeflemektedir. Odakland\u0131\u011f\u0131 sekt\u00f6rler ise ula\u015f\u0131m, lojistik ve g\u00fcr\u00fclt\u00fc \u00f6nleme sistemleridir. Konusunda uzman m\u00fchendisleri, yerli ve yabanc\u0131 i\u015f ortaklar\u0131 ile \u00e7evreye duyarl\u0131 y\u00fcksek kalitede projeler \u00fcretmektedir.<\/p><\/div>\n\n\n\n<div class=\"wp-block-kenta-blocks-section kb-section-da3eac67 kb-section gutenify-section-aaa13e90-0f6d-11ee-8597-f15ce82c2a38\">\n<div class=\"wp-block-kenta-blocks-column kb-column-wrapper kb-column-wrapper-57b02729 kenta-scroll-reveal gutenify-section-aa9f69d0-0f6d-11ee-8597-f15ce82c2a38\"><div class=\"kb-column kb-column-57b02729\"><div class=\"kb-column-content\">\n<div class=\"wp-block-kenta-blocks-paragraph kb-paragraph kb-paragraph-c7e4c9ba gutenify-section-aa9e3150-0f6d-11ee-8597-f15ce82c2a38\"><p class=\"\">17<mark style=\"background-color:rgba(0, 0, 0, 0)\" class=\"has-inline-color has-kenta-primary-color\">+<\/mark><\/p><\/div>\n\n\n\n<div class=\"wp-block-kenta-blocks-paragraph kb-paragraph kb-paragraph-3d645e4e gutenify-section-aa9ef4a0-0f6d-11ee-8597-f15ce82c2a38\"><p class=\"\">Y\u0131ll\u0131k Tecr\u00fcbe<\/p><\/div>\n<\/div><\/div><\/div>\n\n\n\n<div class=\"wp-block-kenta-blocks-column kb-column-wrapper kb-column-wrapper-06e44108 kenta-scroll-reveal gutenify-section-aaa0f070-0f6d-11ee-8597-f15ce82c2a38\"><div class=\"kb-column kb-column-06e44108\"><div class=\"kb-column-content\">\n<div class=\"wp-block-kenta-blocks-paragraph kb-paragraph kb-paragraph-cc45c9b9 gutenify-section-aa9fdf00-0f6d-11ee-8597-f15ce82c2a38\"><p class=\"\">50<mark style=\"background-color:rgba(0, 0, 0, 0)\" class=\"has-inline-color has-kenta-primary-color\">+<\/mark><\/p><\/div>\n\n\n\n<div class=\"wp-block-kenta-blocks-paragraph kb-paragraph kb-paragraph-3578bdec gutenify-section-aaa05430-0f6d-11ee-8597-f15ce82c2a38\"><p class=\"\">Ba\u015far\u0131 \u0130le Tamamlanm\u0131\u015f Proje<\/p><\/div>\n<\/div><\/div><\/div>\n<\/div>\n\n\n\n<div class=\"wp-block-kenta-blocks-buttons kb-buttons kb-buttons-380a3a6d gutenify-section-aaa228f0-0f6d-11ee-8597-f15ce82c2a38\">\n<div class=\"kb-button-wrapper kb-button-wrapper-828f836d\"><a class=\"wp-block-kenta-blocks-button kb-button kb-button-828f836d kb-button-right kenta-scroll-reveal gutenify-section-aaa1b3c0-0f6d-11ee-8597-f15ce82c2a38\" href=\"https:\/\/mce.com.tr\/index.php\/hakkimizda2\/\"><i class=\"fas fa-angle-right\"><\/i><span>Detayl\u0131 Bilgi<\/span><\/a><\/div>\n<\/div>\n<\/div><\/div><\/div>\n\n\n\n<div class=\"wp-block-kenta-blocks-column kb-column-wrapper kb-column-wrapper-22084f04 gutenify-section-aaaa1830-0f6d-11ee-8597-f15ce82c2a38\"><div class=\"kb-column kb-column-22084f04\"><div class=\"kb-column-content\">\n<figure class=\"wp-block-gallery has-nested-images columns-2 is-cropped gutenify-section-aaa9a300-0f6d-11ee-8597-f15ce82c2a38 wp-block-gallery-1 is-layout-flex wp-block-gallery-is-layout-flex\">\n<figure class=\"wp-block-image size-full gutenify-section-aaa86a80-0f6d-11ee-8597-f15ce82c2a38\"><img data-recalc-dims=\"1\" fetchpriority=\"high\" decoding=\"async\" width=\"297\" height=\"170\" data-id=\"197\" src=\"https:\/\/i0.wp.com\/mce.com.tr\/wp-content\/uploads\/2023\/06\/traf_man_02.jpg?resize=297%2C170&#038;ssl=1\" alt=\"\" class=\"wp-image-197\"\/><\/figure>\n\n\n\n<figure class=\"wp-block-image size-large gutenify-section-aaa8dfb0-0f6d-11ee-8597-f15ce82c2a38\"><img data-recalc-dims=\"1\" decoding=\"async\" width=\"1024\" height=\"354\" data-id=\"196\" src=\"https:\/\/i0.wp.com\/mce.com.tr\/wp-content\/uploads\/2023\/06\/hizli-tren-demiryolu.jpg?resize=1024%2C354&#038;ssl=1\" alt=\"\" class=\"wp-image-196\" srcset=\"https:\/\/i0.wp.com\/mce.com.tr\/wp-content\/uploads\/2023\/06\/hizli-tren-demiryolu.jpg?resize=1024%2C354&amp;ssl=1 1024w, https:\/\/i0.wp.com\/mce.com.tr\/wp-content\/uploads\/2023\/06\/hizli-tren-demiryolu.jpg?resize=300%2C104&amp;ssl=1 300w, https:\/\/i0.wp.com\/mce.com.tr\/wp-content\/uploads\/2023\/06\/hizli-tren-demiryolu.jpg?resize=768%2C265&amp;ssl=1 768w, https:\/\/i0.wp.com\/mce.com.tr\/wp-content\/uploads\/2023\/06\/hizli-tren-demiryolu.jpg?w=1415&amp;ssl=1 1415w\" sizes=\"(max-width: 1000px) 100vw, 1000px\" \/><\/figure>\n\n\n\n<figure class=\"wp-block-image size-large gutenify-section-aaa954e0-0f6d-11ee-8597-f15ce82c2a38\"><img data-recalc-dims=\"1\" decoding=\"async\" width=\"1024\" height=\"552\" data-id=\"195\" src=\"https:\/\/i0.wp.com\/mce.com.tr\/wp-content\/uploads\/2023\/06\/iletisim.jpg?resize=1024%2C552&#038;ssl=1\" alt=\"\" class=\"wp-image-195\" srcset=\"https:\/\/i0.wp.com\/mce.com.tr\/wp-content\/uploads\/2023\/06\/iletisim.jpg?resize=1024%2C552&amp;ssl=1 1024w, https:\/\/i0.wp.com\/mce.com.tr\/wp-content\/uploads\/2023\/06\/iletisim.jpg?resize=300%2C162&amp;ssl=1 300w, https:\/\/i0.wp.com\/mce.com.tr\/wp-content\/uploads\/2023\/06\/iletisim.jpg?resize=768%2C414&amp;ssl=1 768w, https:\/\/i0.wp.com\/mce.com.tr\/wp-content\/uploads\/2023\/06\/iletisim.jpg?resize=1536%2C827&amp;ssl=1 1536w, https:\/\/i0.wp.com\/mce.com.tr\/wp-content\/uploads\/2023\/06\/iletisim.jpg?resize=2048%2C1103&amp;ssl=1 2048w\" sizes=\"(max-width: 1000px) 100vw, 1000px\" \/><figcaption class=\"wp-element-caption\">Teknolojiyi Bilgiye D\u00f6n\u00fc\u015ft\u00fcr\u00fcr !<\/figcaption><\/figure>\n<\/figure>\n<\/div><\/div><\/div>\n<\/div><\/div>\n\n\n\n<div class=\"wp-block-kenta-blocks-spacer kb-spacer-0df3e58b kb-spacer gutenify-section-aaaab470-0f6d-11ee-8597-f15ce82c2a38\" aria-hidden=\"true\"><\/div>\n\n\n\n<figure class=\"wp-block-image aligncenter size-large is-resized is-style-rounded kenta-scroll-reveal gutenify-section-aaac6220-0f6d-11ee-8597-f15ce82c2a38\"><img data-recalc-dims=\"1\" loading=\"lazy\" decoding=\"async\" width=\"1024\" height=\"683\" src=\"https:\/\/i0.wp.com\/mce.com.tr\/wp-content\/uploads\/2023\/06\/Berkant-GUZELKUCUK_PP_LNKIN2022_300.jpg?resize=1024%2C683&#038;ssl=1\" alt=\"\" class=\"wp-image-199\" style=\"width:256px;height:171px\" srcset=\"https:\/\/i0.wp.com\/mce.com.tr\/wp-content\/uploads\/2023\/06\/Berkant-GUZELKUCUK_PP_LNKIN2022_300.jpg?resize=1024%2C683&amp;ssl=1 1024w, https:\/\/i0.wp.com\/mce.com.tr\/wp-content\/uploads\/2023\/06\/Berkant-GUZELKUCUK_PP_LNKIN2022_300.jpg?resize=300%2C200&amp;ssl=1 300w, https:\/\/i0.wp.com\/mce.com.tr\/wp-content\/uploads\/2023\/06\/Berkant-GUZELKUCUK_PP_LNKIN2022_300.jpg?resize=768%2C512&amp;ssl=1 768w, https:\/\/i0.wp.com\/mce.com.tr\/wp-content\/uploads\/2023\/06\/Berkant-GUZELKUCUK_PP_LNKIN2022_300.jpg?resize=1536%2C1024&amp;ssl=1 1536w, https:\/\/i0.wp.com\/mce.com.tr\/wp-content\/uploads\/2023\/06\/Berkant-GUZELKUCUK_PP_LNKIN2022_300.jpg?w=1620&amp;ssl=1 1620w\" sizes=\"(max-width: 1000px) 100vw, 1000px\" \/><\/figure>\n\n\n\n<div class=\"wp-block-kenta-blocks-paragraph kb-paragraph kb-paragraph-05877f3a kenta-scroll-reveal gutenify-section-aaacb040-0f6d-11ee-8597-f15ce82c2a38\"><p class=\"\"><strong>Berkant G\u00dcZELK\u00dc\u00c7\u00dcK<\/strong><\/p><\/div>\n\n\n\n<div class=\"wp-block-kenta-blocks-paragraph kb-paragraph kb-paragraph-fd785685 kenta-scroll-reveal gutenify-section-aaad2570-0f6d-11ee-8597-f15ce82c2a38\"><p class=\"\">CEO <\/p><\/div>\n\n\n\n<div class=\"wp-block-kenta-blocks-paragraph kb-paragraph kb-paragraph-02ee736e kenta-scroll-reveal gutenify-section-aaad9aa0-0f6d-11ee-8597-f15ce82c2a38\"><p class=\"\">M\u00fchendislik alan\u0131nda geli\u015ftirilen t\u00fcm \u00e7\u00f6z\u00fcmlerin , uygulanabilir ve s\u00fcrd\u00fcr\u00fclebilir olmas\u0131 bununla birlikte  uygulama b\u00fct\u00e7esinin kaynaklarla uyumlu olmas\u0131 esast\u0131r. MCE t\u00fcm s\u00fcre\u00e7lerini bu \u00e7er\u00e7evede geli\u015ftirmektedir. Raflarda kalan planlar\u0131n kalk\u0131nmaya katk\u0131s\u0131 yoktur. Ya\u015fan\u0131labilir bir gelecek i\u00e7in planlama yap\u0131m s\u00fcre\u00e7lerinden \u00f6nde gelmelidir.  <br><\/p><\/div>\n\n\n\n<hr class=\"wp-block-kenta-blocks-separator kb-separator-9d4b5486 kb-separator gutenify-section-7ab43f00-0f74-11ee-8597-f15ce82c2a38\"\/>\n\n\n\n<h2 class=\"wp-block-heading has-text-align-center gutenify-section-8bd48dd0-0f74-11ee-8597-f15ce82c2a38\">MCE STRATEJ\u0130K YAKLA\u015eIMI BEYANLARI <\/h2>\n\n\n\n<hr class=\"wp-block-kenta-blocks-separator kb-separator-3961a726 kb-separator gutenify-section-82d368a0-0f74-11ee-8597-f15ce82c2a38\"\/>\n\n\n\n<div class=\"wp-block-kenta-blocks-section alignwide kb-section-fc0bbd10 kb-section gutenify-section-aab1e060-0f6d-11ee-8597-f15ce82c2a38\"><div class=\"kb-section-container\">\n<div class=\"wp-block-kenta-blocks-column kb-column-wrapper kb-column-wrapper-cfd7ca3d kenta-scroll-reveal gutenify-section-aaaf6f60-0f6d-11ee-8597-f15ce82c2a38\"><div class=\"kb-column kb-column-cfd7ca3d\"><div class=\"kb-column-content\">\n<div class=\"wp-block-kenta-blocks-heading kb-heading kb-heading-h3 kb-heading-e03fa9c3 gutenify-section-aaae0fd0-0f6d-11ee-8597-f15ce82c2a38\"><h3 class=\"\"><strong><em>V\u0130ZYON<\/em><\/strong><\/h3><\/div>\n\n\n\n<p class=\"gutenify-section-d1fdb850-1117-11ee-8408-1dde13792689\">Sekt\u00f6rde benzer teknolojileri sunan firmalar aras\u0131nda verdi\u011fi hizmetle kalitesini belirginle\u015ftiren, m\u00fc\u015fteri memnuniyetini en \u00fcst seviyede tutan, g\u00fcvenilir, lider, uluslararas\u0131 bir firma olabilmektir.<\/p>\n<\/div><\/div><\/div>\n\n\n\n<div class=\"wp-block-kenta-blocks-column kb-column-wrapper kb-column-wrapper-44c0f20c kenta-scroll-reveal gutenify-section-2beb4710-0f6f-11ee-8597-f15ce82c2a38\"><div class=\"kb-column kb-column-44c0f20c\"><div class=\"kb-column-content\">\n<div class=\"wp-block-kenta-blocks-heading kb-heading kb-heading-h3 kb-heading-092b4ab7 gutenify-section-2be812c0-0f6f-11ee-8597-f15ce82c2a38\"><h3 class=\"\"><strong><em><strong><em>M\u0130SYON<\/em><\/strong><\/em><\/strong><\/h3><\/div>\n\n\n\n<p class=\"gutenify-section-2be92430-0f6f-11ee-8597-f15ce82c2a38\">Firmalar\u0131n zaman, i\u015fg\u00fcc\u00fc ve finansal kay\u0131plar\u0131 en aza indirgeyecek sistemleri tasarlayarak \u00fclkesel kalk\u0131nmada \u00f6nc\u00fcl\u00fck edecek teknolojileri uzman bir kadro ve etkili y\u00f6netim yakla\u015f\u0131mlar\u0131yla sekt\u00f6re sunmakt\u0131r.<\/p>\n<\/div><\/div><\/div>\n\n\n\n<div class=\"wp-block-kenta-blocks-column kb-column-wrapper kb-column-wrapper-0520116a kenta-scroll-reveal gutenify-section-32f3a980-0f6f-11ee-8597-f15ce82c2a38\"><div class=\"kb-column kb-column-0520116a\"><div class=\"kb-column-content\">\n<div class=\"wp-block-kenta-blocks-heading kb-heading kb-heading-h3 kb-heading-880e1da5 gutenify-section-32f186a0-0f6f-11ee-8597-f15ce82c2a38\"><h3 class=\"\">MCE <strong><em><strong><em>KAL\u0130TE POL\u0130T\u0130KASI<\/em><\/strong><\/em><\/strong><\/h3><\/div>\n\n\n\n<p class=\"gutenify-section-3fa3a5e0-0f6f-11ee-8597-f15ce82c2a38\">S\u00fcrd\u00fcr\u00fclebilirlik i\u00e7in sistem tasar\u0131m\u0131 ve operasyonunda olabilecek en uygun malzeme ve i\u015f g\u00fcc\u00fcn\u00fcn kullan\u0131larak geli\u015ftirilebilir bir altyap\u0131 kurulmas\u0131,<\/p>\n\n\n\n<p class=\"gutenify-section-3fa46930-0f6f-11ee-8597-f15ce82c2a38\">Bu sistemi kullanacaklar\u0131n e\u011fitimi ve meydana gelebilecek aksakl\u0131klar\u0131n, risk fakt\u00f6rlerinin \u00f6nceden belirlenerek gerekli \u00f6nlemlerin al\u0131nmas\u0131yla i\u015fleyi\u015fin s\u00fcreklili\u011finin sa\u011flanmas\u0131,<\/p>\n\n\n\n<p class=\"gutenify-section-3fa7c490-0f6f-11ee-8597-f15ce82c2a38\">M\u00fc\u015fteri ihtiya\u00e7lar\u0131n\u0131n \u00f6nceden belirlenerek, istenilmeden gerekli hizmetlerin sunulmas\u0131 ve kalitemizi belirginle\u015ftirecek her t\u00fcrl\u00fc a\u015famay\u0131 kapsamaktad\u0131r.<\/p>\n<\/div><\/div><\/div>\n<\/div><\/div>\n\n\n\n<div class=\"wp-block-kenta-blocks-spacer kb-spacer-13795d06 kb-spacer gutenify-section-aab22e80-0f6d-11ee-8597-f15ce82c2a38\" aria-hidden=\"true\"><\/div>\n\n\n\n<div class=\"wp-block-kenta-blocks-cover alignfull kb-cover-62314527 kb-cover gutenify-section-aab3dc30-0f6d-11ee-8597-f15ce82c2a38\"><div class=\"kb-cover-inner-container\">\n<div class=\"wp-block-kenta-blocks-heading kb-heading kb-heading-h2 kb-heading-57cd9a13 kenta-scroll-reveal gutenify-section-aab2a3b0-0f6d-11ee-8597-f15ce82c2a38\"><h2 class=\"\">Ula\u015f\u0131m, Lojistik , G\u00fcr\u00fclt\u00fc \u00d6nleme Planlamalar\u0131 i\u00e7in \u0130leti\u015fime Ge\u00e7in?<\/h2><\/div>\n\n\n\n<div class=\"wp-block-kenta-blocks-paragraph kb-paragraph kb-paragraph-2546cff2 kenta-scroll-reveal gutenify-section-aab2f1d0-0f6d-11ee-8597-f15ce82c2a38\"><p class=\"\">MCE Uzmanlar\u0131 ile g\u00f6r\u00fc\u015fme yapmak i\u00e7in ileti\u015fim formunu doldurunuz. <\/p><\/div>\n\n\n\n<div class=\"wp-block-kenta-blocks-buttons kb-buttons kb-buttons-a0f058a7 gutenify-section-aab38e10-0f6d-11ee-8597-f15ce82c2a38\">\n<div class=\"kb-button-wrapper kb-button-wrapper-27d79e53\"><a class=\"wp-block-kenta-blocks-button kb-button kb-button-27d79e53 kb-button-right\" href=\"\/index.php\/iletisim\/\"><i class=\"fas fa-arrow-right-long\"><\/i><span>\u0130leti\u015fime Ge\u00e7in<\/span><\/a><\/div>\n<\/div>\n<\/div><\/div>\n","protected":false},"excerpt":{"rendered":"<p>MCE STRATEJ\u0130K YAKLA\u015eIMI BEYANLARI<\/p>\n","protected":false},"author":1,"featured_media":0,"parent":0,"menu_order":0,"comment_status":"closed","ping_status":"closed","template":"","meta":{"om_disable_all_campaigns":false,"site-container-style":"boxed","site-container-layout":"normal","site-sidebar-layout":"no-sidebar","site-transparent-header":"disable","disable-article-header":"yes","disable-site-header":"default","disable-site-footer":"default","disable-content-area-spacing":"yes","_themeisle_gutenberg_block_has_review":false,"footnotes":""},"class_list":["post-163","page","type-page","status-publish","hentry"],"jetpack_sharing_enabled":true,"_links":{"self":[{"href":"https:\/\/mce.com.tr\/index.php\/wp-json\/wp\/v2\/pages\/163","targetHints":{"allow":["GET"]}}],"collection":[{"href":"https:\/\/mce.com.tr\/index.php\/wp-json\/wp\/v2\/pages"}],"about":[{"href":"https:\/\/mce.com.tr\/index.php\/wp-json\/wp\/v2\/types\/page"}],"author":[{"embeddable":true,"href":"https:\/\/mce.com.tr\/index.php\/wp-json\/wp\/v2\/users\/1"}],"replies":[{"embeddable":true,"href":"https:\/\/mce.com.tr\/index.php\/wp-json\/wp\/v2\/comments?post=163"}],"version-history":[{"count":19,"href":"https:\/\/mce.com.tr\/index.php\/wp-json\/wp\/v2\/pages\/163\/revisions"}],"predecessor-version":[{"id":1142,"href":"https:\/\/mce.com.tr\/index.php\/wp-json\/wp\/v2\/pages\/163\/revisions\/1142"}],"wp:attachment":[{"href":"https:\/\/mce.com.tr\/index.php\/wp-json\/wp\/v2\/media?parent=163"}],"curies":[{"name":"wp","href":"https:\/\/api.w.org\/{rel}","templated":true}]}}