{"id":252,"date":"2023-06-20T20:31:47","date_gmt":"2023-06-20T17:31:47","guid":{"rendered":"https:\/\/mce.com.tr\/?page_id=252"},"modified":"2023-06-20T20:42:06","modified_gmt":"2023-06-20T17:42:06","slug":"hakkimizda2","status":"publish","type":"page","link":"https:\/\/mce.com.tr\/index.php\/hakkimizda2\/","title":{"rendered":"Hakk\u0131m\u0131zda Devam"},"content":{"rendered":"\n<hr class=\"wp-block-kenta-blocks-separator kb-separator-bba9f04e kb-separator gutenify-section-c2d34630-0f8f-11ee-9f36-c31fad4178b5\"\/>\n\n\n\n<div class=\"wp-block-kenta-blocks-slides kb-slides-d876a8f0 kb-slides gutenify-section-e762b5d0-0f8f-11ee-9f36-c31fad4178b5\"><button class=\"kb-slides-prev-arrow kb-slides-arrow\" id=\"kb-slides-prev-d876a8f0\"><i class=\"fas fa-chevron-left\"><\/i><\/button><div class=\"kb-slides-inner-container\">\n<div class=\"wp-block-kenta-blocks-slide-item kb-slide-item-87f9c16a kb-slide-item gutenify-section-e76c52c0-0f8f-11ee-9f36-c31fad4178b5\"><div class=\"kb-slide-item-inner-container\"><\/div><\/div>\n\n\n\n<div class=\"wp-block-kenta-blocks-slide-item kb-slide-item-7610769a kb-slide-item gutenify-section-e76db250-0f8f-11ee-9f36-c31fad4178b5\"><div class=\"kb-slide-item-inner-container\"><\/div><\/div>\n\n\n\n<div class=\"wp-block-kenta-blocks-slide-item kb-slide-item-e2fdc3ce kb-slide-item gutenify-section-e76f11e0-0f8f-11ee-9f36-c31fad4178b5\"><div class=\"kb-slide-item-inner-container\"><\/div><\/div>\n<\/div><button class=\"kb-slides-next-arrow kb-slides-arrow\" id=\"kb-slides-next-d876a8f0\"><i class=\"fas fa-chevron-right\"><\/i><\/button><div class=\"kb-slides-dots\"><\/div><\/div>\n\n\n\n<div class=\"wp-block-group gutenify-section-75b3ed50-0f8f-11ee-9f36-c31fad4178b5 has-global-padding is-layout-constrained wp-block-group-is-layout-constrained\">\n<p class=\"gutenify-section-661f95b0-0f8f-11ee-9f36-c31fad4178b5\">2006 y\u0131l\u0131nda ana faaliyet alanlar\u0131 tasar\u0131m, m\u00fchendislik ve dan\u0131\u015fmanl\u0131k olarak Ankara merkezli olarak kurulan MCE Bili\u015fim Elektronik M\u00fchendislik, m\u00fc\u015fterilerine en iyi profesyonel hizmeti sunmay\u0131 ve kurumsal ili\u015fkilerinde g\u00fcvene dayal\u0131 s\u00fcrd\u00fcr\u00fclebilir i\u015f birli\u011fi ve geli\u015fimi hedeflemektedir. Odakland\u0131\u011f\u0131 sekt\u00f6rler ise ula\u015f\u0131m, lojistik ve g\u00fcr\u00fclt\u00fc \u00f6nleme sistemleridir. Konusunda uzman m\u00fchendisleri, yerli ve yabanc\u0131 i\u015f ortaklar\u0131 ile \u00e7evreye duyarl\u0131 y\u00fcksek kalitede projeler \u00fcretmektedir.<\/p>\n\n\n\n<p class=\"gutenify-section-66200ae0-0f8f-11ee-9f36-c31fad4178b5\">Kuruldu\u011fu g\u00fcnden bug\u00fcne kadar \u00f6zel projeler \u00fczerinde \u00e7al\u0131\u015fmay\u0131 hedeflemi\u015ftir.&nbsp; Bu projeler aras\u0131nda T\u00fcrkiye\u2019nin ilk Lojistik Master Plan\u0131 (TLMP), Ankara-Eski\u015fehir YHT Hatt\u0131 Kameral\u0131 G\u00fcvenlik Sistemi M\u00fc\u015favirli\u011fi, \u0130zmir Alsancak-\u00c7i\u011fli-Nald\u00f6ken Demiryolu G\u00fcr\u00fclt\u00fc Perdesi Projelendirmesi bulunmaktad\u0131r. Orta Asya b\u00f6lgesinde Elektronik \u00dccret Toplama Sistemleri konusunda m\u00fchendislik hizmetleri vermi\u015ftir.<\/p>\n\n\n\n<p class=\"gutenify-section-662031f0-0f8f-11ee-9f36-c31fad4178b5\">M\u00fc\u015fterileri ile g\u00fcvene dayal\u0131 uzun d\u00f6nemli i\u015f ili\u015fkileri kurarak hizmet vermeyi prensip haline getirmi\u015ftir. Kamu, \u00d6zel Sekt\u00f6r, \u00dcniversiteler ve STK&#8217;lar aras\u0131nda sa\u011flad\u0131\u011f\u0131 koordinasyon ile olu\u015fturdu\u011fu benzersiz i\u015f modeli ile \u00fcretilen know-how\u2019u her \u00f6l\u00e7ekteki projenin uygulanmas\u0131nda ba\u015far\u0131l\u0131 bir \u015fekilde kullanmaktad\u0131r. Yenilik\u00e7i \u00e7\u00f6z\u00fcmler i\u00e7in Ar-Ge faaliyetlerini de payda\u015flar\u0131 ile s\u00fcrd\u00fcrmektedir.<\/p>\n\n\n\n<p class=\"gutenify-section-66208010-0f8f-11ee-9f36-c31fad4178b5\">MCE, proje karma\u015f\u0131kl\u0131\u011f\u0131 ve \u00f6l\u00e7e\u011fi ne olursa olsun m\u00fc\u015fteri ihtiya\u00e7lar\u0131na en uygun \u00e7\u00f6z\u00fcmleri sunarak ulusal ve uluslararas\u0131 alanda s\u00fcrd\u00fcr\u00fclebilir bir b\u00fcy\u00fcmeyi hedeflemektedir.<\/p>\n\n\n\n<p class=\"gutenify-section-6620a720-0f8f-11ee-9f36-c31fad4178b5\">Firmam\u0131z,<\/p>\n\n\n\n<p class=\"gutenify-section-6620f540-0f8f-11ee-9f36-c31fad4178b5\">Ula\u015f\u0131m ve lojistik planlamas\u0131 alan\u0131nda bir\u00e7ok projede g\u00f6rev alm\u0131\u015ft\u0131r. Halen kamu ve \u00f6zel sekt\u00f6re faaliyet alan\u0131ndaki konularda &nbsp; hizmet vermektedir.<\/p>\n\n\n\n<p class=\"gutenify-section-a83660a0-0f8f-11ee-9f36-c31fad4178b5\">S\u00fcrd\u00fcr\u00fclebilir \u00e7\u00f6z\u00fcmleri \u00e7evreye sayg\u0131l\u0131 alternatiflerle \u00fcretmektedir.<\/p>\n\n\n\n<ul class=\"gutenify-section-7fa4a2a0-0f8f-11ee-9f36-c31fad4178b5 wp-block-list\">\n<li class=\"gutenify-section-86b9d650-0f8f-11ee-9f36-c31fad4178b5\">Ula\u015f\u0131m ve lojistik planlamas\u0131 alan\u0131nda bir\u00e7ok projede g\u00f6rev alm\u0131\u015ft\u0131r. Halen kamu ve \u00f6zel sekt\u00f6re faaliyet alan\u0131ndaki konularda &nbsp; hizmet vermektedir.<\/li>\n\n\n\n<li class=\"gutenify-section-9533f970-0f91-11ee-a62a-1b2a04684368\">S\u00fcrd\u00fcr\u00fclebilir \u00e7\u00f6z\u00fcmleri \u00e7evreye sayg\u0131l\u0131 alternatiflerle \u00fcretmektedir<\/li>\n<\/ul>\n<\/div>\n","protected":false},"excerpt":{"rendered":"<p>2006 y\u0131l\u0131nda ana faaliyet alanlar\u0131 tasar\u0131m, m\u00fchendislik ve dan\u0131\u015fmanl\u0131k olarak Ankara merkezli olarak kurulan MCE Bili\u015fim Elektronik M\u00fchendislik, m\u00fc\u015fterilerine en iyi profesyonel hizmeti sunmay\u0131 ve kurumsal ili\u015fkilerinde g\u00fcvene dayal\u0131 s\u00fcrd\u00fcr\u00fclebilir i\u015f birli\u011fi ve geli\u015fimi hedeflemektedir. Odakland\u0131\u011f\u0131 sekt\u00f6rler ise ula\u015f\u0131m, lojistik ve g\u00fcr\u00fclt\u00fc \u00f6nleme sistemleridir. Konusunda uzman m\u00fchendisleri, yerli ve yabanc\u0131 i\u015f ortaklar\u0131 ile \u00e7evreye duyarl\u0131 [&hellip;]<\/p>\n","protected":false},"author":1,"featured_media":0,"parent":0,"menu_order":0,"comment_status":"closed","ping_status":"closed","template":"","meta":{"om_disable_all_campaigns":false,"site-container-style":"default","site-container-layout":"default","site-sidebar-layout":"no-sidebar","site-transparent-header":"default","disable-article-header":"default","disable-site-header":"default","disable-site-footer":"default","disable-content-area-spacing":"default","_themeisle_gutenberg_block_has_review":false,"footnotes":""},"class_list":["post-252","page","type-page","status-publish","hentry"],"jetpack_sharing_enabled":true,"_links":{"self":[{"href":"https:\/\/mce.com.tr\/index.php\/wp-json\/wp\/v2\/pages\/252","targetHints":{"allow":["GET"]}}],"collection":[{"href":"https:\/\/mce.com.tr\/index.php\/wp-json\/wp\/v2\/pages"}],"about":[{"href":"https:\/\/mce.com.tr\/index.php\/wp-json\/wp\/v2\/types\/page"}],"author":[{"embeddable":true,"href":"https:\/\/mce.com.tr\/index.php\/wp-json\/wp\/v2\/users\/1"}],"replies":[{"embeddable":true,"href":"https:\/\/mce.com.tr\/index.php\/wp-json\/wp\/v2\/comments?post=252"}],"version-history":[{"count":5,"href":"https:\/\/mce.com.tr\/index.php\/wp-json\/wp\/v2\/pages\/252\/revisions"}],"predecessor-version":[{"id":265,"href":"https:\/\/mce.com.tr\/index.php\/wp-json\/wp\/v2\/pages\/252\/revisions\/265"}],"wp:attachment":[{"href":"https:\/\/mce.com.tr\/index.php\/wp-json\/wp\/v2\/media?parent=252"}],"curies":[{"name":"wp","href":"https:\/\/api.w.org\/{rel}","templated":true}]}}