{"id":375,"date":"2023-06-21T19:02:37","date_gmt":"2023-06-21T16:02:37","guid":{"rendered":"https:\/\/mce.com.tr\/?page_id=375"},"modified":"2023-06-27T00:57:37","modified_gmt":"2023-06-26T21:57:37","slug":"hizmetlerimiz","status":"publish","type":"page","link":"https:\/\/mce.com.tr\/index.php\/hizmetlerimiz\/","title":{"rendered":"Hizmetlerimiz"},"content":{"rendered":"\n<div class=\"wp-block-kenta-blocks-cover alignfull kb-cover-387a3fc4 kb-cover kb-cover-has-overlay gutenify-section-72dfcd80-13a7-11ee-a408-051c0d39b893\"><div class=\"kb-cover-inner-container\">\n<div class=\"wp-block-kenta-blocks-heading kb-heading kb-heading-h1 kb-heading-1b995581 gutenify-section-4184ff60-13a9-11ee-a408-051c0d39b893\"><h1 class=\"\">Saha Veri Toplama &#8211; Anket \u00c7al\u0131\u015fmalar\u0131 &#8211; Mikro sim\u00fclasyon <\/h1><\/div>\n<\/div><\/div>\n\n\n\n<div class=\"wp-block-kenta-blocks-heading kb-heading kb-heading-h2 kb-heading-9cd43461 gutenify-section-4b48f4c0-146c-11ee-aacd-6b5f21e11744\"><h2 class=\"\">Hizmetlerimiz<\/h2><\/div>\n\n\n\n<div class=\"wp-block-kenta-blocks-spacer kb-spacer-633236a9 kb-spacer gutenify-section-1b3e4d60-13aa-11ee-a408-051c0d39b893\" aria-hidden=\"true\"><\/div>\n\n\n\n<div class=\"wp-block-kenta-blocks-section alignwide kb-section-b1e3e286 kb-section gutenify-section-ed126a30-104c-11ee-8e3d-59dbd5f028a3\">\n<div class=\"wp-block-kenta-blocks-column kb-column-wrapper kb-column-wrapper-cccccfa1 gutenify-section-ed0d3a10-104c-11ee-8e3d-59dbd5f028a3\"><div class=\"kb-column kb-column-cccccfa1\"><div class=\"kb-column-content\">\n<div class=\"wp-block-kenta-blocks-heading kb-heading kb-heading-h4 kb-heading-b275990d gutenify-section-ed0c0190-104c-11ee-8e3d-59dbd5f028a3\"><h4 class=\"\">Trafik Say\u0131mlar\u0131 <\/h4><\/div>\n\n\n\n<figure class=\"wp-block-image aligncenter size-full is-resized is-style-default gutenify-section-36294090-1426-11ee-b72e-7d627b1be348\"><img data-recalc-dims=\"1\" fetchpriority=\"high\" decoding=\"async\" src=\"https:\/\/i0.wp.com\/mce.com.tr\/wp-content\/uploads\/2023\/06\/dinamik1.jpg?resize=348%2C196&#038;ssl=1\" alt=\"\" class=\"wp-image-192\" width=\"348\" height=\"196\"\/><\/figure>\n\n\n\n<div class=\"wp-block-kenta-blocks-paragraph kb-paragraph kb-paragraph-03442973 gutenify-section-ed0c9dd0-104c-11ee-8e3d-59dbd5f028a3\"><p class=\"\">Kav\u015fak ve yollarda ta\u015f\u0131t s\u0131n\u0131flar\u0131na g\u00f6re kategorize edilmi\u015f trafik say\u0131mlar\u0131. Ak\u0131ll\u0131 sistemler kullan\u0131larak veya ofiste g\u00f6zle say\u0131mlar&#8230; <\/p><\/div>\n<\/div><\/div><\/div>\n\n\n\n<div class=\"wp-block-kenta-blocks-column kb-column-wrapper kb-column-wrapper-25e9e5b1 gutenify-section-ded5b630-1424-11ee-b72e-7d627b1be348\"><div class=\"kb-column kb-column-25e9e5b1\"><div class=\"kb-column-content\">\n<div class=\"wp-block-kenta-blocks-heading kb-heading kb-heading-h4 kb-heading-266fc05a gutenify-section-ded05f00-1424-11ee-b72e-7d627b1be348\"><h4 class=\"\">Mikro Simulasyon <\/h4><\/div>\n\n\n\n<figure class=\"wp-block-image aligncenter size-full is-resized is-style-default gutenify-section-decd78d0-1424-11ee-b72e-7d627b1be348\"><img data-recalc-dims=\"1\" decoding=\"async\" src=\"https:\/\/i0.wp.com\/mce.com.tr\/wp-content\/uploads\/2023\/06\/mikrosimulasyon_mce.png?resize=334%2C188&#038;ssl=1\" alt=\"\" class=\"wp-image-640\" width=\"334\" height=\"188\"\/><\/figure>\n\n\n\n<div class=\"wp-block-kenta-blocks-paragraph kb-paragraph kb-paragraph-999b4c87 gutenify-section-ded31e20-1424-11ee-b72e-7d627b1be348\"><p class=\"\">Dynasim veya Aimsum yaz\u0131l\u0131mlar\u0131 kullan\u0131larak kav\u015fak ve yol kesimlerinin sim\u00fclasyonu, detayl\u0131 raporlar\u0131. Emisyon, Gecikme&#8230; <\/p><\/div>\n<\/div><\/div><\/div>\n\n\n\n<div class=\"wp-block-kenta-blocks-column kb-column-wrapper kb-column-wrapper-b41be88a gutenify-section-ed102040-104c-11ee-8e3d-59dbd5f028a3\"><div class=\"kb-column kb-column-b41be88a\"><div class=\"kb-column-content\">\n<div class=\"wp-block-kenta-blocks-heading kb-heading kb-heading-h4 kb-heading-f5153b55 gutenify-section-ed0f0ed0-104c-11ee-8e3d-59dbd5f028a3\"><h4 class=\"\">Saha Veri Toplama<\/h4><\/div>\n\n\n\n<figure class=\"wp-block-image aligncenter size-full is-resized is-style-default gutenify-section-ed0e4b80-104c-11ee-8e3d-59dbd5f028a3\"><img data-recalc-dims=\"1\" decoding=\"async\" src=\"https:\/\/i0.wp.com\/mce.com.tr\/wp-content\/uploads\/2023\/06\/Saha_Anket.jpeg?resize=334%2C188&#038;ssl=1\" alt=\"\" class=\"wp-image-641\" width=\"334\" height=\"188\"\/><\/figure>\n\n\n\n<div class=\"wp-block-kenta-blocks-paragraph kb-paragraph kb-paragraph-9594ee54 gutenify-section-ed0fab10-104c-11ee-8e3d-59dbd5f028a3\"><p class=\"\">Projenin \u00f6zeli\u011fine g\u00f6re sahadan konum ve metadata bazl\u0131 veri toplama. Saha yol kenar\u0131 ve odak  anketlerinin yap\u0131lmas\u0131&#8230;<\/p><\/div>\n<\/div><\/div><\/div>\n<\/div>\n\n\n\n<div class=\"wp-block-group has-medium-font-size gutenify-section-47713c10-13ac-11ee-a408-051c0d39b893 is-vertical is-content-justification-center is-layout-flex wp-container-core-group-is-layout-6363bf74 wp-block-group-is-layout-flex\">\n<div class=\"wp-block-kenta-blocks-heading kb-heading kb-heading-h2 kb-heading-951c5010 gutenify-section-492f51b0-13aa-11ee-a408-051c0d39b893\"><h2 class=\"\">Hizmetler \u0130\u015f Modelimiz<\/h2><\/div>\n\n\n\n<div class=\"wp-block-kenta-blocks-paragraph kb-paragraph kb-paragraph-794156c1 gutenify-section-1fb7c790-13aa-11ee-a408-051c0d39b893\"><p class=\"\">Projelerimiz s\u0131rs\u0131nda kullanm\u0131\u015f oldu\u011fumuz veri toplama tekniklerini ayr\u0131ca m\u00fc\u015fteri ihtiya\u00e7lar\u0131na g\u00f6re \u00f6zelle\u015ftirerek hizmet vermekteyiz. Detaylar i\u00e7in ileti\u015fim sayfas\u0131ndan mesaj g\u00f6nderebilirsiniz. <\/p><\/div>\n<\/div>\n","protected":false},"excerpt":{"rendered":"","protected":false},"author":1,"featured_media":0,"parent":0,"menu_order":0,"comment_status":"closed","ping_status":"closed","template":"templates\/boxed-page-builder.php","meta":{"om_disable_all_campaigns":false,"site-container-style":"fluid","site-container-layout":"narrow","site-sidebar-layout":"no-sidebar","site-transparent-header":"default","disable-article-header":"default","disable-site-header":"default","disable-site-footer":"default","disable-content-area-spacing":"no","_themeisle_gutenberg_block_has_review":false,"footnotes":""},"class_list":["post-375","page","type-page","status-publish","hentry"],"jetpack_sharing_enabled":true,"_links":{"self":[{"href":"https:\/\/mce.com.tr\/index.php\/wp-json\/wp\/v2\/pages\/375","targetHints":{"allow":["GET"]}}],"collection":[{"href":"https:\/\/mce.com.tr\/index.php\/wp-json\/wp\/v2\/pages"}],"about":[{"href":"https:\/\/mce.com.tr\/index.php\/wp-json\/wp\/v2\/types\/page"}],"author":[{"embeddable":true,"href":"https:\/\/mce.com.tr\/index.php\/wp-json\/wp\/v2\/users\/1"}],"replies":[{"embeddable":true,"href":"https:\/\/mce.com.tr\/index.php\/wp-json\/wp\/v2\/comments?post=375"}],"version-history":[{"count":79,"href":"https:\/\/mce.com.tr\/index.php\/wp-json\/wp\/v2\/pages\/375\/revisions"}],"predecessor-version":[{"id":867,"href":"https:\/\/mce.com.tr\/index.php\/wp-json\/wp\/v2\/pages\/375\/revisions\/867"}],"wp:attachment":[{"href":"https:\/\/mce.com.tr\/index.php\/wp-json\/wp\/v2\/media?parent=375"}],"curies":[{"name":"wp","href":"https:\/\/api.w.org\/{rel}","templated":true}]}}