{"id":378,"date":"2023-06-21T19:03:54","date_gmt":"2023-06-21T16:03:54","guid":{"rendered":"https:\/\/mce.com.tr\/?page_id=378"},"modified":"2025-10-14T12:11:02","modified_gmt":"2025-10-14T09:11:02","slug":"kurumsal","status":"publish","type":"page","link":"https:\/\/mce.com.tr\/index.php\/kurumsal\/","title":{"rendered":"Kurumsal"},"content":{"rendered":"\n<div class=\"wp-block-kenta-blocks-cover alignfull kb-cover-c6d3a46e kb-cover gutenify-section-865b65b0-111b-11ee-b119-7bd475f81489\"><div class=\"kb-cover-inner-container\">\n<div class=\"wp-block-kenta-blocks-section alignwide kb-section-80415f12 kb-section gutenify-section-865683b0-111b-11ee-b119-7bd475f81489\" id=\"about\">\n<div class=\"wp-block-kenta-blocks-column kb-column-wrapper kb-column-wrapper-4aedffaa gutenify-section-86554b30-111b-11ee-b119-7bd475f81489\"><div class=\"kb-column kb-column-4aedffaa\"><div class=\"kb-column-content\">\n<div class=\"wp-block-kenta-blocks-paragraph kb-paragraph kb-paragraph-086a9bb5 kenta-scroll-reveal gutenify-section-864df830-111b-11ee-b119-7bd475f81489\"><p class=\"\">MCE POL\u0130T\u0130KA MET\u0130NLER\u0130-\u015e\u0130RKET KATALO\u011eU ve LOGOMUZ <\/p><\/div>\n\n\n\n<div class=\"wp-block-kenta-blocks-paragraph kb-paragraph kb-paragraph-69405c5f kenta-scroll-reveal gutenify-section-864ee290-111b-11ee-b119-7bd475f81489\"><p class=\"\">MCE Logo ve Firma Katalo\u011fumuzu \u0130ndirebilirsiniz  <\/p><\/div>\n\n\n\n<div class=\"wp-block-kenta-blocks-stack kb-stack-1668d81f kb-stack gutenify-section-8654aef0-111b-11ee-b119-7bd475f81489\"><div class=\"kb-stack-inner-container\">\n<div class=\"wp-block-kenta-blocks-row kb-row-1558a680 kb-row kenta-scroll-reveal gutenify-section-8651a1b0-111b-11ee-b119-7bd475f81489\"><div class=\"kb-row-inner-container\">\n<div class=\"wp-block-kenta-blocks-buttons kb-buttons kb-buttons-161ead0e gutenify-section-864fccf0-111b-11ee-b119-7bd475f81489\">\n<div class=\"kb-icon-button-wrapper kb-icon-button-wrapper-79574f29\"><span class=\"wp-block-kenta-blocks-icon-button kb-icon-button kb-icon-button-79574f29\"><i class=\"fas fa-check\"><\/i><\/span><\/div>\n<\/div>\n\n\n\n<div class=\"wp-block-kenta-blocks-stack kb-stack-5b7b7c42 kb-stack gutenify-section-86512c80-111b-11ee-b119-7bd475f81489\"><div class=\"kb-stack-inner-container\">\n<div class=\"wp-block-kenta-blocks-heading kb-heading kb-heading-h3 kb-heading-429ec5a1 gutenify-section-86504220-111b-11ee-b119-7bd475f81489\"><h3 class=\"\">Firma Katalogu<\/h3><\/div>\n\n\n\n<div class=\"wp-block-kenta-blocks-paragraph kb-paragraph kb-paragraph-4a85359e gutenify-section-8650b750-111b-11ee-b119-7bd475f81489\"><p class=\"\">2025 Firma Katalo\u011fumuzu size g\u00f6ndermemizi isterseniz<br>l\u00fctfen <a title=\"\" href=\"https:\/\/mce.com.tr\/index.php\/iletisim\/\">linkten ula\u015f\u0131n\u0131z. <\/a><\/p><\/div>\n<\/div><\/div>\n<\/div><\/div>\n\n\n\n<div class=\"wp-block-kenta-blocks-row kb-row-32352d70 kb-row kenta-scroll-reveal gutenify-section-865439c0-111b-11ee-b119-7bd475f81489\"><div class=\"kb-row-inner-container\">\n<div class=\"wp-block-kenta-blocks-buttons kb-buttons kb-buttons-3045531b gutenify-section-86528c10-111b-11ee-b119-7bd475f81489\">\n<div class=\"kb-icon-button-wrapper kb-icon-button-wrapper-0a47be10\"><span class=\"wp-block-kenta-blocks-icon-button kb-icon-button kb-icon-button-0a47be10\"><i class=\"fas fa-check\"><\/i><\/span><\/div>\n<\/div>\n\n\n\n<div class=\"wp-block-kenta-blocks-stack kb-stack-1e9b210d kb-stack gutenify-section-8653eba0-111b-11ee-b119-7bd475f81489\"><div class=\"kb-stack-inner-container\">\n<div class=\"wp-block-kenta-blocks-heading kb-heading kb-heading-h3 kb-heading-760e9c1c gutenify-section-86532850-111b-11ee-b119-7bd475f81489\"><h3 class=\"\">MCE Logolar<br><\/h3><\/div>\n\n\n\n<figure class=\"wp-block-image aligncenter size-large is-resized gutenify-section-3b9c2770-111c-11ee-b119-7bd475f81489\"><img data-recalc-dims=\"1\" fetchpriority=\"high\" decoding=\"async\" width=\"1024\" height=\"326\" src=\"https:\/\/i0.wp.com\/mce.com.tr\/wp-content\/uploads\/2023\/06\/MCE_LOGO_HQ_TRNP.png?resize=1024%2C326&#038;ssl=1\" alt=\"\" class=\"wp-image-408\" style=\"width:256px;height:82px\" srcset=\"https:\/\/i0.wp.com\/mce.com.tr\/wp-content\/uploads\/2023\/06\/MCE_LOGO_HQ_TRNP.png?resize=1024%2C326&amp;ssl=1 1024w, https:\/\/i0.wp.com\/mce.com.tr\/wp-content\/uploads\/2023\/06\/MCE_LOGO_HQ_TRNP.png?resize=300%2C96&amp;ssl=1 300w, https:\/\/i0.wp.com\/mce.com.tr\/wp-content\/uploads\/2023\/06\/MCE_LOGO_HQ_TRNP.png?resize=768%2C245&amp;ssl=1 768w, https:\/\/i0.wp.com\/mce.com.tr\/wp-content\/uploads\/2023\/06\/MCE_LOGO_HQ_TRNP.png?resize=1536%2C490&amp;ssl=1 1536w, https:\/\/i0.wp.com\/mce.com.tr\/wp-content\/uploads\/2023\/06\/MCE_LOGO_HQ_TRNP.png?w=1782&amp;ssl=1 1782w\" sizes=\"(max-width: 1000px) 100vw, 1000px\" \/><\/figure>\n<\/div><\/div>\n<\/div><\/div>\n<\/div><\/div>\n<\/div><\/div><\/div>\n\n\n\n<div class=\"wp-block-kenta-blocks-column kb-column-wrapper kb-column-wrapper-07ad48c6 kenta-scroll-reveal gutenify-section-86563590-111b-11ee-b119-7bd475f81489\"><div class=\"kb-column kb-column-07ad48c6\"><div class=\"kb-column-content\">\n<figure class=\"wp-block-kenta-blocks-image kb-image kb-image-6ec59740 kenta-scroll-reveal gutenify-section-8655c060-111b-11ee-b119-7bd475f81489\"><img data-recalc-dims=\"1\" decoding=\"async\" src=\"https:\/\/i0.wp.com\/mce.com.tr\/wp-content\/uploads\/2023\/06\/MCE_WEB_1.png?ssl=1\" alt=\"\"\/><\/figure>\n<\/div><\/div><\/div>\n<\/div>\n<\/div><\/div>\n\n\n\n<div class=\"wp-block-kenta-blocks-heading kb-heading kb-heading-h2 kb-heading-85a755f3 gutenify-section-095a6130-143e-11ee-9dee-b93e44ee397b\"><h2 class=\"\">Sertifikalar\u0131m\u0131z<\/h2><\/div>\n\n\n\n<figure class=\"wp-block-image aligncenter size-large gutenify-section-0bd37780-143e-11ee-9dee-b93e44ee397b\"><img data-recalc-dims=\"1\" decoding=\"async\" width=\"1024\" height=\"483\" src=\"https:\/\/i0.wp.com\/mce.com.tr\/wp-content\/uploads\/2023\/06\/sertfikalar_mce.png?resize=1024%2C483&#038;ssl=1\" alt=\"\" class=\"wp-image-751\" srcset=\"https:\/\/i0.wp.com\/mce.com.tr\/wp-content\/uploads\/2023\/06\/sertfikalar_mce.png?resize=1024%2C483&amp;ssl=1 1024w, https:\/\/i0.wp.com\/mce.com.tr\/wp-content\/uploads\/2023\/06\/sertfikalar_mce.png?resize=300%2C142&amp;ssl=1 300w, https:\/\/i0.wp.com\/mce.com.tr\/wp-content\/uploads\/2023\/06\/sertfikalar_mce.png?resize=768%2C362&amp;ssl=1 768w, https:\/\/i0.wp.com\/mce.com.tr\/wp-content\/uploads\/2023\/06\/sertfikalar_mce.png?resize=1536%2C725&amp;ssl=1 1536w, https:\/\/i0.wp.com\/mce.com.tr\/wp-content\/uploads\/2023\/06\/sertfikalar_mce.png?resize=2048%2C966&amp;ssl=1 2048w\" sizes=\"(max-width: 1000px) 100vw, 1000px\" \/><\/figure>\n","protected":false},"excerpt":{"rendered":"","protected":false},"author":1,"featured_media":0,"parent":0,"menu_order":0,"comment_status":"closed","ping_status":"closed","template":"templates\/fluid-page-builder.php","meta":{"om_disable_all_campaigns":false,"site-container-style":"default","site-container-layout":"default","site-sidebar-layout":"no-sidebar","site-transparent-header":"default","disable-article-header":"default","disable-site-header":"default","disable-site-footer":"default","disable-content-area-spacing":"default","_themeisle_gutenberg_block_has_review":false,"footnotes":""},"class_list":["post-378","page","type-page","status-publish","hentry"],"jetpack_sharing_enabled":true,"_links":{"self":[{"href":"https:\/\/mce.com.tr\/index.php\/wp-json\/wp\/v2\/pages\/378","targetHints":{"allow":["GET"]}}],"collection":[{"href":"https:\/\/mce.com.tr\/index.php\/wp-json\/wp\/v2\/pages"}],"about":[{"href":"https:\/\/mce.com.tr\/index.php\/wp-json\/wp\/v2\/types\/page"}],"author":[{"embeddable":true,"href":"https:\/\/mce.com.tr\/index.php\/wp-json\/wp\/v2\/users\/1"}],"replies":[{"embeddable":true,"href":"https:\/\/mce.com.tr\/index.php\/wp-json\/wp\/v2\/comments?post=378"}],"version-history":[{"count":10,"href":"https:\/\/mce.com.tr\/index.php\/wp-json\/wp\/v2\/pages\/378\/revisions"}],"predecessor-version":[{"id":1098,"href":"https:\/\/mce.com.tr\/index.php\/wp-json\/wp\/v2\/pages\/378\/revisions\/1098"}],"wp:attachment":[{"href":"https:\/\/mce.com.tr\/index.php\/wp-json\/wp\/v2\/media?parent=378"}],"curies":[{"name":"wp","href":"https:\/\/api.w.org\/{rel}","templated":true}]}}