{"id":380,"date":"2023-06-21T19:08:31","date_gmt":"2023-06-21T16:08:31","guid":{"rendered":"https:\/\/mce.com.tr\/?page_id=380"},"modified":"2023-06-25T03:18:56","modified_gmt":"2023-06-25T00:18:56","slug":"iletisim","status":"publish","type":"page","link":"https:\/\/mce.com.tr\/index.php\/iletisim\/","title":{"rendered":"Bize Ula\u015f\u0131n"},"content":{"rendered":"\n<div class=\"wp-block-kenta-blocks-spacer kb-spacer-cc14df9f kb-spacer gutenify-section-bc038ed0-12e3-11ee-837f-95c05c5872f0\" aria-hidden=\"true\"><\/div>\n\n\n\n<h2 class=\"wp-block-heading gutenify-section-c3c38170-12e3-11ee-837f-95c05c5872f0\">MCE \u0130leti\u015fim Formu <\/h2>\n\n\n\n<div class=\"wp-block-cover gutenify-section-1238a650-12e4-11ee-837f-95c05c5872f0\"><span aria-hidden=\"true\" class=\"wp-block-cover__background has-background-dim\"><\/span><img data-recalc-dims=\"1\" fetchpriority=\"high\" decoding=\"async\" width=\"1920\" height=\"1442\" class=\"wp-block-cover__image-background wp-image-162\" alt=\"\" src=\"https:\/\/i0.wp.com\/mce.com.tr\/wp-content\/uploads\/2022\/10\/patrick-tomasso-fMntI8HAAB8-unsplash.jpg?resize=1920%2C1442&#038;ssl=1\" style=\"object-position:73% 33%\" data-object-fit=\"cover\" data-object-position=\"73% 33%\" srcset=\"https:\/\/i0.wp.com\/mce.com.tr\/wp-content\/uploads\/2022\/10\/patrick-tomasso-fMntI8HAAB8-unsplash.jpg?w=1920&amp;ssl=1 1920w, https:\/\/i0.wp.com\/mce.com.tr\/wp-content\/uploads\/2022\/10\/patrick-tomasso-fMntI8HAAB8-unsplash.jpg?resize=300%2C225&amp;ssl=1 300w, https:\/\/i0.wp.com\/mce.com.tr\/wp-content\/uploads\/2022\/10\/patrick-tomasso-fMntI8HAAB8-unsplash.jpg?resize=1024%2C769&amp;ssl=1 1024w, https:\/\/i0.wp.com\/mce.com.tr\/wp-content\/uploads\/2022\/10\/patrick-tomasso-fMntI8HAAB8-unsplash.jpg?resize=768%2C577&amp;ssl=1 768w, https:\/\/i0.wp.com\/mce.com.tr\/wp-content\/uploads\/2022\/10\/patrick-tomasso-fMntI8HAAB8-unsplash.jpg?resize=1536%2C1154&amp;ssl=1 1536w\" sizes=\"(max-width: 1000px) 100vw, 1000px\" \/><div class=\"wp-block-cover__inner-container is-layout-flow wp-block-cover-is-layout-flow\">\n<p class=\"has-text-align-center animated pulse delay-200ms has-kenta-primary-color has-very-light-gray-to-cyan-bluish-gray-gradient-background has-text-color has-background has-medium-font-size gutenify-section-2007f560-12e4-11ee-837f-95c05c5872f0\" style=\"font-style:normal;font-weight:400;letter-spacing:2px\">L\u00fctfen mesaj\u0131n\u0131z\u0131 a\u015fa\u011f\u0131daki formu kullanarak iletiniz. En k\u0131sa s\u00fcrede sizlere geri d\u00f6n\u00fc\u015f yap\u0131lacakt\u0131r.<\/p>\n\n\n\n<p class=\"has-text-align-center animated heartBeat delay-100ms slower has-large-font-size gutenify-section-66eee600-12e4-11ee-837f-95c05c5872f0\">Te\u015fekk\u00fcrler. <\/p>\n<\/div><\/div>\n\n\n<style id=\"wpforms-css-vars-518\">\n\t\t\t\t#wpforms-518 {\n\t\t\t\t--wpforms-container-padding: 0px;\n--wpforms-container-border-width: 1px;\n--wpforms-container-border-radius: 3px;\n--wpforms-background-color: rgba(0, 0, 0, 0);\n--wpforms-field-size-input-height: 43px;\n--wpforms-field-size-input-spacing: 15px;\n--wpforms-field-size-font-size: 16px;\n--wpforms-field-size-line-height: 19px;\n--wpforms-field-size-padding-h: 14px;\n--wpforms-field-size-checkbox-size: 16px;\n--wpforms-field-size-sublabel-spacing: 5px;\n--wpforms-field-size-icon-size: 1;\n--wpforms-label-size-font-size: 16px;\n--wpforms-label-size-line-height: 19px;\n--wpforms-label-size-sublabel-font-size: 14px;\n--wpforms-label-size-sublabel-line-height: 17px;\n--wpforms-button-size-font-size: 17px;\n--wpforms-button-size-height: 41px;\n--wpforms-button-size-padding-h: 15px;\n--wpforms-button-size-margin-top: 10px;\n--wpforms-container-shadow-size-box-shadow: none;\n\t\t\t}\n\t\t\t<\/style><div class=\"wpforms-container wpforms-container-full wpforms-render-modern\" id=\"wpforms-518\"><form id=\"wpforms-form-518\" class=\"wpforms-validate wpforms-form wpforms-ajax-form\" data-formid=\"518\" method=\"post\" enctype=\"multipart\/form-data\" action=\"\/index.php\/wp-json\/wp\/v2\/pages\/380\" data-token=\"adb6930f26a0e9b63b916f681853df1b\" data-token-time=\"1776400028\"><noscript class=\"wpforms-error-noscript\">Bu formu bitirebilmek i\u00e7in taray\u0131c\u0131n\u0131zda JavaScript&#039;i etkinle\u015ftirin.<\/noscript><div id=\"wpforms-error-noscript\" style=\"display: none;\">Bu formu bitirebilmek i\u00e7in taray\u0131c\u0131n\u0131zda JavaScript&#039;i etkinle\u015ftirin.<\/div><div class=\"wpforms-field-container\"><div id=\"wpforms-518-field_0-container\" class=\"wpforms-field wpforms-field-name\" data-field-id=\"0\"><fieldset><legend class=\"wpforms-field-label\">Ad\u0131n\u0131z  Soyad\u0131n\u0131z <span class=\"wpforms-required-label\" aria-hidden=\"true\">*<\/span><\/legend><div class=\"wpforms-field-row wpforms-field-medium\"><div class=\"wpforms-field-row-block wpforms-first wpforms-one-half\"><input type=\"text\" id=\"wpforms-518-field_0\" class=\"wpforms-field-name-first wpforms-field-required\" name=\"wpforms[fields][0][first]\" placeholder=\"Ad\u0131n\u0131z\" aria-errormessage=\"wpforms-518-field_0-error\" required><label for=\"wpforms-518-field_0\" class=\"wpforms-field-sublabel after wpforms-sublabel-hide\">Ad<\/label><\/div><div class=\"wpforms-field-row-block wpforms-one-half\"><input type=\"text\" id=\"wpforms-518-field_0-last\" class=\"wpforms-field-name-last wpforms-field-required\" name=\"wpforms[fields][0][last]\" placeholder=\"Soyad\u0131n\u0131z\" aria-errormessage=\"wpforms-518-field_0-last-error\" required><label for=\"wpforms-518-field_0-last\" class=\"wpforms-field-sublabel after wpforms-sublabel-hide\">Soyad<\/label><\/div><\/div><\/fieldset><\/div><div id=\"wpforms-518-field_1-container\" class=\"wpforms-field wpforms-field-email\" data-field-id=\"1\"><label class=\"wpforms-field-label\" for=\"wpforms-518-field_1\">E-postan\u0131z <span class=\"wpforms-required-label\" aria-hidden=\"true\">*<\/span><\/label><input type=\"email\" id=\"wpforms-518-field_1\" class=\"wpforms-field-medium wpforms-field-required\" name=\"wpforms[fields][1]\" placeholder=\"e-posta\" spellcheck=\"false\" aria-errormessage=\"wpforms-518-field_1-error\" required><\/div><div id=\"wpforms-518-field_8-container\" class=\"wpforms-field wpforms-field-number\" data-field-id=\"8\"><label class=\"wpforms-field-label\" for=\"wpforms-518-field_8\">Telefon Numaran\u0131z<\/label><input type=\"number\" id=\"wpforms-518-field_8\" class=\"wpforms-field-medium\" name=\"wpforms[fields][8]\" placeholder=\"\u0130ste\u011fe ba\u011fl\u0131\" step=\"any\" aria-errormessage=\"wpforms-518-field_8-error\" ><\/div><div id=\"wpforms-518-field_5-container\" class=\"wpforms-field wpforms-field-select wpforms-field-select-style-modern\" data-field-id=\"5\"><label class=\"wpforms-field-label\" for=\"wpforms-518-field_5\">Hangi departman ile ileti\u015fime ge\u00e7mek istersiniz ?<\/label><select id=\"wpforms-518-field_5\" class=\"wpforms-field-medium choicesjs-select\" data-size-class=\"wpforms-field-row wpforms-field-medium\" data-search-enabled=\"\" name=\"wpforms[fields][5]\"><option value=\"\" class=\"placeholder\" disabled  selected='selected'><\/option><option value=\"Muhasebe\"  class=\"choice-2 depth-1\"  >Muhasebe<\/option><option value=\"\u0130nsan Kaynaklar\u0131\"  class=\"choice-3 depth-1\"  >\u0130nsan Kaynaklar\u0131<\/option><option value=\"Pazarlama Sat\u0131\u015f\"  class=\"choice-4 depth-1\"  >Pazarlama Sat\u0131\u015f<\/option><option value=\"Y\u00f6netim\"  class=\"choice-1 depth-1\"  >Y\u00f6netim<\/option><\/select><\/div><div id=\"wpforms-518-field_2-container\" class=\"wpforms-field wpforms-field-textarea\" data-field-id=\"2\"><label class=\"wpforms-field-label\" for=\"wpforms-518-field_2\">\u0130letmek istedi\u011finiz Mesaj\u0131n\u0131z <span class=\"wpforms-required-label\" aria-hidden=\"true\">*<\/span><\/label><textarea id=\"wpforms-518-field_2\" class=\"wpforms-field-medium wpforms-field-required\" name=\"wpforms[fields][2]\" aria-errormessage=\"wpforms-518-field_2-error\" required><\/textarea><\/div><div id=\"wpforms-518-field_10-container\" class=\"wpforms-field wpforms-field-payment-checkbox wpforms-list-inline\" data-field-id=\"10\"><fieldset><legend class=\"wpforms-field-label\">Bilgi payla\u015f\u0131m onay\u0131 <span class=\"wpforms-required-label\" aria-hidden=\"true\">*<\/span><\/legend><ul id=\"wpforms-518-field_10\" class=\"wpforms-field-required wpforms-icon-choices wpforms-icon-choices-default wpforms-icon-choices-large\" style=\"--wpforms-icon-choices-color: #07ad7e;\"><li class=\"choice-1 wpforms-icon-choices-item\"><label class=\"wpforms-field-label-inline\" for=\"wpforms-518-field_10_1\">\n\t\t\t\t<span class=\"wpforms-icon-choices-icon\">\n\t\t\t\t\t<svg xmlns=\"http:\/\/www.w3.org\/2000\/svg\" width=\"80\" height=\"64\" viewBox=\"0 0 512 512\"><!--! Font Awesome Free 6.4.0 by @fontawesome - https:\/\/fontawesome.com License - https:\/\/fontawesome.com\/license\/free (Icons: CC BY 4.0, Fonts: SIL OFL 1.1, Code: MIT License) Copyright 2023 Fonticons, Inc. --><path d=\"M256 48a208 208 0 1 1 0 416 208 208 0 1 1 0-416zm0 464A256 256 0 1 0 256 0a256 256 0 1 0 0 512zM369 209c9.4-9.4 9.4-24.6 0-33.9s-24.6-9.4-33.9 0l-111 111-47-47c-9.4-9.4-24.6-9.4-33.9 0s-9.4 24.6 0 33.9l64 64c9.4 9.4 24.6 9.4 33.9 0L369 209z\"\/><\/svg>\n\t\t\t\t\t<span class=\"wpforms-icon-choices-icon-bg\"><\/span>\n\t\t\t\t<\/span>\n\t\t\t\t<input type=\"checkbox\" id=\"wpforms-518-field_10_1\" class=\"wpforms-payment-price wpforms-screen-reader-element\" data-amount=\"10.00\" name=\"wpforms[fields][10][]\" value=\"1\" aria-errormessage=\"wpforms-518-field_10_1-error\" aria-describedby=\"wpforms-518-field_10-description\" required >\n\t\t\t\t<span class=\"wpforms-icon-choices-label\">\u0130lk \u00d6\u011fe<\/span>\n\t\t\t<\/label><\/li><\/ul><div id=\"wpforms-518-field_10-description\" class=\"wpforms-field-description\">Bu formu g\u00f6ndererek iletti\u011finiz ki\u015fisel bilgilerin ileti\u015fim ama\u00e7l\u0131 depolanmas\u0131na a\u00e7\u0131k r\u0131za beyan etmeyi kabul etmektesiniz. Bilgiler kesinlikle 3. kurum ve \u015fah\u0131slar ile payla\u015f\u0131lmamaktad\u0131r.<\/div><\/fieldset><\/div><\/div><!-- .wpforms-field-container --><div class=\"wpforms-recaptcha-container wpforms-is-recaptcha wpforms-is-recaptcha-type-v3\" ><input type=\"hidden\" name=\"wpforms[recaptcha]\" value=\"\"><\/div><div class=\"wpforms-submit-container\" ><input type=\"hidden\" name=\"wpforms[id]\" value=\"518\"><input type=\"hidden\" name=\"page_title\" value=\"\"><input type=\"hidden\" name=\"page_url\" value=\"https:\/\/mce.com.tr\/index.php\/wp-json\/wp\/v2\/pages\/380\"><input type=\"hidden\" name=\"url_referer\" value=\"\"><button type=\"submit\" name=\"wpforms[submit]\" id=\"wpforms-submit-518\" class=\"wpforms-submit\" data-alt-text=\"Mesaj\u0131n\u0131z ilgili birime g\u00f6nderiliyor.  \u0130lginize te\u015fekk\u00fcrler. \" data-submit-text=\"G\u00f6nder\" aria-live=\"assertive\" value=\"wpforms-submit\">G\u00f6nder<\/button><img decoding=\"async\" src=\"https:\/\/mce.com.tr\/wp-content\/plugins\/wpforms-lite\/assets\/images\/submit-spin.svg\" class=\"wpforms-submit-spinner\" style=\"display: none;\" width=\"26\" height=\"26\" alt=\"Y\u00fckleniyor\"><\/div><\/form><\/div>  <!-- .wpforms-container -->\n\n\n\n<div class=\"wp-block-kenta-blocks-spacer kb-spacer-bed4c7cc kb-spacer gutenify-section-9955c160-12ec-11ee-92b7-d34b405672e6\" aria-hidden=\"true\"><\/div>\n\n\n\n<div class=\"wp-block-kenta-blocks-spacer kb-spacer-27aae372 kb-spacer gutenify-section-d85a6a50-12ec-11ee-92b7-d34b405672e6\" aria-hidden=\"true\"><\/div>\n\n\n\n<h2 class=\"wp-block-heading gutenify-section-ef25c060-12ea-11ee-92b7-d34b405672e6\">Adres ve Telefonlar\u0131m\u0131z<\/h2>\n\n\n\n<div class=\"wp-block-kenta-blocks-icon kb-icon kb-icon-4765c727 gutenify-section-03f14770-12ec-11ee-92b7-d34b405672e6\"><div class=\"kb-icon-wrap\"><i class=\"far fa-address-card\"><\/i><\/div><\/div>\n\n\n\n<div class=\"wp-block-kenta-blocks-paragraph kb-paragraph kb-paragraph-e49395ec gutenify-section-b6469e80-12eb-11ee-92b7-d34b405672e6\"><p class=\"\">Mertebe Sokak 26\/5 Yenimahalle -Ankara -T\u00fcrkiye <\/p><\/div>\n\n\n\n<div class=\"wp-block-kenta-blocks-paragraph kb-paragraph kb-paragraph-dbed56e2 gutenify-section-434dfb70-12ec-11ee-92b7-d34b405672e6\"><p class=\"\">Tel: 90 312 284 84 90 Fax 90 312 284 84 39  <\/p><\/div>\n\n\n\n<div class=\"wp-block-kenta-blocks-spacer kb-spacer-33335093 kb-spacer gutenify-section-e184c260-12ec-11ee-92b7-d34b405672e6\" aria-hidden=\"true\"><\/div>\n\n\n\n<h2 class=\"wp-block-heading gutenify-section-e5819280-12ec-11ee-92b7-d34b405672e6\">Harita<\/h2>\n\n\n<div style=\"height:400pxpx;\" class=\"wp-block-themeisle-blocks-leaflet-map\" id=\"wp-block-themeisle-blocks-leaflet-map-b33e7d12\"><\/div>\n<script type=\"text\/javascript\">\n\t\/* <![CDATA[ *\/\n\t\tif ( ! window.themeisleLeafletMaps ) window.themeisleLeafletMaps =[];\n\t\twindow.themeisleLeafletMaps.push( { container: \"wp-block-themeisle-blocks-leaflet-map-b33e7d12\", attributes: {\"id\":\"wp-block-themeisle-blocks-leaflet-map-b33e7d12\",\"location\":\"MCE M\\u00fchendislik\",\"latitude\":\"39.92291881636401\",\"longitude\":\"32.810223698616035\",\"bbox\":\"32.807970643043525,39.92209600785793,32.812476754188545,39.923741614982355\",\"zoom\":18,\"markers\":[{\"id\":\"2552c214-1413-4e16-98c2-a325702fbe3b\",\"latitude\":39.9231409729654,\"longitude\":32.810701131820686,\"title\":\"MCE M\\u00fchendislik\",\"description\":\"\"}],\"blockClientId\":\"c8ccb850-104d-11ee-b28c-978cf87e5aa3\",\"height\":\"400px\",\"zoomControl\":true,\"draggable\":true,\"hasCustomCSS\":false,\"customCSS\":\"\",\"otterConditions\":[]} } );\n\t\/* ]]> *\/\n<\/script>\n","protected":false},"excerpt":{"rendered":"<p>MCE \u0130leti\u015fim Formu Adres ve Telefonlar\u0131m\u0131z Harita<\/p>\n","protected":false},"author":1,"featured_media":0,"parent":0,"menu_order":0,"comment_status":"closed","ping_status":"closed","template":"templates\/boxed-page-builder.php","meta":{"om_disable_all_campaigns":false,"site-container-style":"default","site-container-layout":"default","site-sidebar-layout":"no-sidebar","site-transparent-header":"default","disable-article-header":"default","disable-site-header":"default","disable-site-footer":"default","disable-content-area-spacing":"default","_themeisle_gutenberg_block_has_review":false,"footnotes":""},"class_list":["post-380","page","type-page","status-publish","hentry"],"jetpack_sharing_enabled":true,"_links":{"self":[{"href":"https:\/\/mce.com.tr\/index.php\/wp-json\/wp\/v2\/pages\/380","targetHints":{"allow":["GET"]}}],"collection":[{"href":"https:\/\/mce.com.tr\/index.php\/wp-json\/wp\/v2\/pages"}],"about":[{"href":"https:\/\/mce.com.tr\/index.php\/wp-json\/wp\/v2\/types\/page"}],"author":[{"embeddable":true,"href":"https:\/\/mce.com.tr\/index.php\/wp-json\/wp\/v2\/users\/1"}],"replies":[{"embeddable":true,"href":"https:\/\/mce.com.tr\/index.php\/wp-json\/wp\/v2\/comments?post=380"}],"version-history":[{"count":14,"href":"https:\/\/mce.com.tr\/index.php\/wp-json\/wp\/v2\/pages\/380\/revisions"}],"predecessor-version":[{"id":538,"href":"https:\/\/mce.com.tr\/index.php\/wp-json\/wp\/v2\/pages\/380\/revisions\/538"}],"wp:attachment":[{"href":"https:\/\/mce.com.tr\/index.php\/wp-json\/wp\/v2\/media?parent=380"}],"curies":[{"name":"wp","href":"https:\/\/api.w.org\/{rel}","templated":true}]}}