{"id":470,"date":"2023-06-22T23:21:35","date_gmt":"2023-06-22T20:21:35","guid":{"rendered":"https:\/\/mce.com.tr\/?page_id=470"},"modified":"2023-06-22T23:21:35","modified_gmt":"2023-06-22T20:21:35","slug":"saha-veri-toplama-calismalari","status":"publish","type":"page","link":"https:\/\/mce.com.tr\/index.php\/saha-veri-toplama-calismalari\/","title":{"rendered":"Saha Veri Toplama \u00c7al\u0131\u015fmalar\u0131"},"content":{"rendered":"\n<p class=\"gutenify-section-f0929390-1139-11ee-8440-c93a5421a0e6\"><\/p>\n\n\n\n<figure class=\"wp-block-embed is-type-video is-provider-youtube wp-block-embed-youtube wp-embed-aspect-16-9 wp-has-aspect-ratio gutenify-section-f4b206e0-1139-11ee-8440-c93a5421a0e6\"><div class=\"wp-block-embed__wrapper\">\n<iframe title=\"T\u00fcrkiye Lojistik Master Plan\u0131 (TLMP) Saha \u00c7al\u0131\u015fmas\u0131 : Yol Kenar\u0131 Anketleri\" width=\"500\" height=\"281\" src=\"https:\/\/www.youtube.com\/embed\/1fUYklAlUpw?feature=oembed\" frameborder=\"0\" allow=\"accelerometer; autoplay; clipboard-write; encrypted-media; gyroscope; picture-in-picture; web-share\" referrerpolicy=\"strict-origin-when-cross-origin\" allowfullscreen><\/iframe>\n<\/div><figcaption class=\"wp-element-caption\">T\u00fcrkiye Lojistik Master Plan\u0131 Sanatsal <\/figcaption><\/figure>\n","protected":false},"excerpt":{"rendered":"","protected":false},"author":1,"featured_media":0,"parent":0,"menu_order":0,"comment_status":"closed","ping_status":"closed","template":"templates\/boxed-page-builder.php","meta":{"om_disable_all_campaigns":false,"site-container-style":"default","site-container-layout":"default","site-sidebar-layout":"default","site-transparent-header":"default","disable-article-header":"default","disable-site-header":"default","disable-site-footer":"default","disable-content-area-spacing":"default","_themeisle_gutenberg_block_has_review":false,"footnotes":""},"class_list":["post-470","page","type-page","status-publish","hentry"],"jetpack_sharing_enabled":true,"_links":{"self":[{"href":"https:\/\/mce.com.tr\/index.php\/wp-json\/wp\/v2\/pages\/470","targetHints":{"allow":["GET"]}}],"collection":[{"href":"https:\/\/mce.com.tr\/index.php\/wp-json\/wp\/v2\/pages"}],"about":[{"href":"https:\/\/mce.com.tr\/index.php\/wp-json\/wp\/v2\/types\/page"}],"author":[{"embeddable":true,"href":"https:\/\/mce.com.tr\/index.php\/wp-json\/wp\/v2\/users\/1"}],"replies":[{"embeddable":true,"href":"https:\/\/mce.com.tr\/index.php\/wp-json\/wp\/v2\/comments?post=470"}],"version-history":[{"count":1,"href":"https:\/\/mce.com.tr\/index.php\/wp-json\/wp\/v2\/pages\/470\/revisions"}],"predecessor-version":[{"id":471,"href":"https:\/\/mce.com.tr\/index.php\/wp-json\/wp\/v2\/pages\/470\/revisions\/471"}],"wp:attachment":[{"href":"https:\/\/mce.com.tr\/index.php\/wp-json\/wp\/v2\/media?parent=470"}],"curies":[{"name":"wp","href":"https:\/\/api.w.org\/{rel}","templated":true}]}}