{"id":496,"date":"2023-06-23T14:57:13","date_gmt":"2023-06-23T11:57:13","guid":{"rendered":"https:\/\/mce.com.tr\/?page_id=496"},"modified":"2023-06-23T14:57:14","modified_gmt":"2023-06-23T11:57:14","slug":"hazirlik-asamasinda","status":"publish","type":"page","link":"https:\/\/mce.com.tr\/index.php\/hazirlik-asamasinda\/","title":{"rendered":"Haz\u0131rl\u0131k A\u015famas\u0131nda"},"content":{"rendered":"\n<div id=\"wp-block-themeisle-blocks-advanced-columns-35825447\" class=\"wp-block-themeisle-blocks-advanced-columns alignfull has-2-columns has-desktop-equal-layout has-tablet-equal-layout has-mobile-collapsedRows-layout has-vertical-center ticss-c00aadba gutenify-section-24e6f890-11ba-11ee-8cc3-9944c89ab7d6\"><div class=\"wp-block-themeisle-blocks-advanced-columns-overlay\"><\/div><div class=\"innerblocks-wrap\">\n<div id=\"wp-block-themeisle-blocks-advanced-column-fedc9d47\" class=\"wp-block-themeisle-blocks-advanced-column gutenify-section-24e37620-11ba-11ee-8cc3-9944c89ab7d6\">\n<figure class=\"wp-block-image aligncenter size-large gutenify-section-24e21690-11ba-11ee-8cc3-9944c89ab7d6\"><img data-recalc-dims=\"1\" fetchpriority=\"high\" decoding=\"async\" width=\"1024\" height=\"683\" src=\"https:\/\/i0.wp.com\/mce.com.tr\/wp-content\/uploads\/2023\/06\/waitingTrain_hazirlik.jpg?resize=1024%2C683&#038;ssl=1\" alt=\"\" class=\"wp-image-499\" srcset=\"https:\/\/i0.wp.com\/mce.com.tr\/wp-content\/uploads\/2023\/06\/waitingTrain_hazirlik-scaled.jpg?resize=1024%2C683&amp;ssl=1 1024w, https:\/\/i0.wp.com\/mce.com.tr\/wp-content\/uploads\/2023\/06\/waitingTrain_hazirlik-scaled.jpg?resize=300%2C200&amp;ssl=1 300w, https:\/\/i0.wp.com\/mce.com.tr\/wp-content\/uploads\/2023\/06\/waitingTrain_hazirlik-scaled.jpg?resize=768%2C512&amp;ssl=1 768w, https:\/\/i0.wp.com\/mce.com.tr\/wp-content\/uploads\/2023\/06\/waitingTrain_hazirlik-scaled.jpg?resize=1536%2C1024&amp;ssl=1 1536w, https:\/\/i0.wp.com\/mce.com.tr\/wp-content\/uploads\/2023\/06\/waitingTrain_hazirlik-scaled.jpg?resize=2048%2C1365&amp;ssl=1 2048w\" sizes=\"(max-width: 1000px) 100vw, 1000px\" \/><\/figure>\n<\/div>\n\n\n\n<div id=\"wp-block-themeisle-blocks-advanced-column-ed1b12ac\" class=\"wp-block-themeisle-blocks-advanced-column gutenify-section-24e65c50-11ba-11ee-8cc3-9944c89ab7d6\">\n<h2 id=\"wp-block-themeisle-blocks-advanced-heading-8f3ca166\" class=\"wp-block-themeisle-blocks-advanced-heading wp-block-themeisle-blocks-advanced-heading-8f3ca166 gutenify-section-24e41260-11ba-11ee-8cc3-9944c89ab7d6\">Arad\u0131\u011f\u0131n\u0131z \u0130\u00e7erik Haz\u0131rlanmaktad\u0131r<\/h2>\n\n\n\n<p class=\"gutenify-section-24e48790-11ba-11ee-8cc3-9944c89ab7d6\">Sitemizde arad\u0131\u011f\u0131n\u0131z i\u00e7erik haz\u0131rlanmaktad\u0131r. E\u011fer i\u00e7erik haz\u0131rland\u0131\u011f\u0131nda haber almak isterseniz. \u0130leti\u015fim Formu \u00dczerinden mesaj g\u00f6nderiniz. \u0130lginiz i\u00e7in te\u015fekk\u00fcr ederiz. <\/p>\n\n\n\n<div id=\"wp-block-themeisle-blocks-progress-bar-b4d63408\" class=\"wp-block-themeisle-blocks-progress-bar gutenify-section-24e4d5b0-11ba-11ee-8cc3-9944c89ab7d6\" data-percent=\"30\" data-duration=\"2.1\"><div class=\"wp-block-themeisle-blocks-progress-bar__area\"><div class=\"wp-block-themeisle-blocks-progress-bar__area__title\"><span>Kalan<\/span><\/div><div class=\"wp-block-themeisle-blocks-progress-bar__area__bar\"><div class=\"wp-block-themeisle-blocks-progress-bar__progress__append wp-block-themeisle-blocks-progress-bar__number\">30<\/div><\/div><\/div><\/div>\n\n\n\n<div style=\"height:10px\" aria-hidden=\"true\" class=\"wp-block-spacer gutenify-section-24e54ae0-11ba-11ee-8cc3-9944c89ab7d6\"><\/div>\n\n\n\n<div id=\"wp-block-themeisle-blocks-progress-bar-d620fe76\" class=\"wp-block-themeisle-blocks-progress-bar gutenify-section-24e59900-11ba-11ee-8cc3-9944c89ab7d6\" data-percent=\"70\" data-duration=\"2\"><div class=\"wp-block-themeisle-blocks-progress-bar__area\"><div class=\"wp-block-themeisle-blocks-progress-bar__area__title\"><span>Haz\u0131rlanan<\/span><\/div><div class=\"wp-block-themeisle-blocks-progress-bar__area__bar\"><div class=\"wp-block-themeisle-blocks-progress-bar__progress__append wp-block-themeisle-blocks-progress-bar__number\">70<\/div><\/div><\/div><\/div>\n<\/div>\n<\/div><\/div>\n","protected":false},"excerpt":{"rendered":"","protected":false},"author":1,"featured_media":0,"parent":0,"menu_order":0,"comment_status":"closed","ping_status":"closed","template":"templates\/boxed-page-builder.php","meta":{"om_disable_all_campaigns":false,"site-container-style":"boxed","site-container-layout":"narrow","site-sidebar-layout":"no-sidebar","site-transparent-header":"default","disable-article-header":"default","disable-site-header":"default","disable-site-footer":"default","disable-content-area-spacing":"default","_themeisle_gutenberg_block_has_review":false,"footnotes":""},"class_list":["post-496","page","type-page","status-publish","hentry"],"jetpack_sharing_enabled":true,"_links":{"self":[{"href":"https:\/\/mce.com.tr\/index.php\/wp-json\/wp\/v2\/pages\/496","targetHints":{"allow":["GET"]}}],"collection":[{"href":"https:\/\/mce.com.tr\/index.php\/wp-json\/wp\/v2\/pages"}],"about":[{"href":"https:\/\/mce.com.tr\/index.php\/wp-json\/wp\/v2\/types\/page"}],"author":[{"embeddable":true,"href":"https:\/\/mce.com.tr\/index.php\/wp-json\/wp\/v2\/users\/1"}],"replies":[{"embeddable":true,"href":"https:\/\/mce.com.tr\/index.php\/wp-json\/wp\/v2\/comments?post=496"}],"version-history":[{"count":2,"href":"https:\/\/mce.com.tr\/index.php\/wp-json\/wp\/v2\/pages\/496\/revisions"}],"predecessor-version":[{"id":500,"href":"https:\/\/mce.com.tr\/index.php\/wp-json\/wp\/v2\/pages\/496\/revisions\/500"}],"wp:attachment":[{"href":"https:\/\/mce.com.tr\/index.php\/wp-json\/wp\/v2\/media?parent=496"}],"curies":[{"name":"wp","href":"https:\/\/api.w.org\/{rel}","templated":true}]}}